{"id":339,"date":"2015-12-20T10:42:17","date_gmt":"2015-12-20T09:42:17","guid":{"rendered":"http:\/\/www.boerkerij.nl\/de\/appartement\/weidevilla\/"},"modified":"2022-11-22T18:34:27","modified_gmt":"2022-11-22T17:34:27","slug":"weidevilla","status":"publish","type":"product","link":"https:\/\/www.boerkerij.nl\/de\/appartement\/weidevilla\/","title":{"rendered":"Weidevilla"},"content":{"rendered":"<p><strong>Beschreibung:<\/strong><\/p>\n<p><strong>Erdgeschoss:<\/strong><\/p>\n<ul>\n<li>Gem\u00fctlich eingerichtetes Wohnzimmer mit Kabel-TV und DvD Spieler.<\/li>\n<li>Angrenzende K\u00fcche mit Essecke\n<ul>\n<li>Gasherdplatte mit 4 Brennern<\/li>\n<li>Kombi Mikrowelle<\/li>\n<li>Kaffeemaschine und Wasserkocher<\/li>\n<li>Toaster<\/li>\n<li>K\u00fchlschrank mit Gefrierfach<\/li>\n<\/ul>\n<\/li>\n<li>Direkter Zugang zur Terrasse mit St\u00fchlen und Tisch auf der S\u00fcdseite<\/li>\n<li>Schlafzimmer 1:\n<ul>\n<li>Grosses Schlafzimmer mit 2 Betten<\/li>\n<\/ul>\n<\/li>\n<li>Badezimmer 1:\n<ul>\n<li>Dusche und Waschbecken<\/li>\n<li>Toilette befindet sich im Flur<\/li>\n<\/ul>\n<\/li>\n<\/ul>\n<p>&nbsp;<\/p>\n<p><strong>Obergeschoss:<\/strong><\/p>\n<ul>\n<li>Schlafzimmer 2:\n<ul>\n<li>Grosses Schlafzimmer mit 2 Betten<\/li>\n<li>Kabel-TV<\/li>\n<\/ul>\n<\/li>\n<li>Schlafzimmer 3:\n<ul>\n<li>Grosses Schlafzimmer mit 2 Betten<\/li>\n<\/ul>\n<\/li>\n<li>Badezimmer 2:\n<ul>\n<li>Badewanne, Dusche, Waschbecken und WC<\/li>\n<li>Saunakabine f\u00fcr max. 4 Personen<\/li>\n<\/ul>\n<\/li>\n<\/ul>\n<p>&nbsp;<\/p>\n<p><strong>Sonstige Ausstattung:<\/strong><\/p>\n<ul>\n<li>Auf allen Betten sind Kopfkissen und Oberbetten ( allergiefreundlich) \u00a0vorhanden<\/li>\n<li>Waschmaschine und Trockner<\/li>\n<li>Kinderbett und Kinderstuhl<\/li>\n<li>Gratis Internetzugang und WIFI<\/li>\n<\/ul>\n<p>Preise: <a href=\"\/?page_id=1533\" target=\"_blank\" rel=\"noopener noreferrer\"><strong>Siehe Preis\u00fcbersicht\u00a0<\/strong><\/a><\/p>\n","protected":false},"excerpt":{"rendered":"<h4>Luxe verblijf in het boerenland<\/h4>\n<p>Suchen Sie Ruhe, Luxus und Aussicht? Wir vermieten f\u00fcr bis zu 6 Personen unsere gem\u00fctliche Weidevilla im Stil der Amelander Bauernh\u00f6fe. Die Weidevilla liegt ca. 1,2 km ausserhalb des Dorfes Hollum und bietet gen\u00fcgend Platz zum Entspannen. Im Aussengel\u00e4nde finden Sie eine grossz\u00fcgig angelegte Terrasse und der Parkplatz bietet Platz f\u00fcr 2 Auto&#8217;s vor der Haust\u00fcr. F\u00fcr die kleinen G\u00e4ste steht ein Spielplatz zur Verf\u00fcgung.<\/p>\n<p style=\"text-align: right;\"><a href=\"https:\/\/www.boerkerij.nl\/prijzen-appartementen\/\" target=\"_blank\" rel=\"noopener noreferrer\"><strong>Mehr \u00fcber De Boerkerij<\/strong><\/a><\/p>\n","protected":false},"featured_media":502,"comment_status":"open","ping_status":"closed","template":"","meta":{"_acf_changed":false},"product_brand":[],"product_cat":[94],"product_tag":[],"class_list":{"0":"post-339","1":"product","2":"type-product","3":"status-publish","4":"has-post-thumbnail","6":"product_cat-geen-onderdeel-van-een-categorie","8":"first","9":"instock","10":"sold-individually","11":"shipping-taxable","12":"purchasable","13":"product-type-accommodation-booking"},"acf":[],"yoast_head":"<!-- This site is optimized with the Yoast SEO plugin v25.3.1 - https:\/\/yoast.com\/wordpress\/plugins\/seo\/ -->\n<title>Boek nu | Weidevilla - Luxe verblijf in het boerenland | Hollum, Ameland<\/title>\n<meta name=\"description\" content=\"Op zoek naar rust, luxe, ruimte en een wijds uitzicht? Boek dan de Weidevilla (t\/m 6 pers) met lounge terras &amp; sauna, net iets buiten het centrum van Hollum. U loopt in een kwartiertje (3 min fietsen) zo het gezellige dorpscentrum in met o.a. gezellige terrassen, een supermarkt en een heerlijke authentieke warme bakker. Ook het strand en de vuurtoren zijn op loop-\/fietsafstand.\" \/>\n<meta name=\"robots\" content=\"index, follow, max-snippet:-1, max-image-preview:large, max-video-preview:-1\" \/>\n<link rel=\"canonical\" href=\"https:\/\/www.boerkerij.nl\/de\/appartement\/weidevilla\/\" \/>\n<meta property=\"og:locale\" content=\"de_DE\" \/>\n<meta property=\"og:type\" content=\"article\" \/>\n<meta property=\"og:title\" content=\"Boek nu | Weidevilla - Luxe verblijf in het boerenland | Hollum, Ameland\" \/>\n<meta property=\"og:description\" content=\"Op zoek naar rust, luxe, ruimte en een wijds uitzicht? Boek dan de Weidevilla (t\/m 6 pers) met lounge terras &amp; sauna, net iets buiten het centrum van Hollum. U loopt in een kwartiertje (3 min fietsen) zo het gezellige dorpscentrum in met o.a. gezellige terrassen, een supermarkt en een heerlijke authentieke warme bakker. Ook het strand en de vuurtoren zijn op loop-\/fietsafstand.\" \/>\n<meta property=\"og:url\" content=\"https:\/\/www.boerkerij.nl\/de\/appartement\/weidevilla\/\" \/>\n<meta property=\"og:site_name\" content=\"DeBoerkerij\" \/>\n<meta property=\"article:modified_time\" content=\"2022-11-22T17:34:27+00:00\" \/>\n<meta property=\"og:image\" content=\"https:\/\/www.boerkerij.nl\/wp-content\/uploads\/2015\/12\/Weidevilla-vooraanzicht-3-Boerkerij-Hollum-Ameland.jpg\" \/>\n\t<meta property=\"og:image:width\" content=\"1000\" \/>\n\t<meta property=\"og:image:height\" content=\"750\" \/>\n\t<meta property=\"og:image:type\" content=\"image\/jpeg\" \/>\n<meta name=\"twitter:card\" content=\"summary_large_image\" \/>\n<meta name=\"twitter:label1\" content=\"Gesch\u00e4tzte Lesezeit\" \/>\n\t<meta name=\"twitter:data1\" content=\"1 minute\" \/>\n<script type=\"application\/ld+json\" class=\"yoast-schema-graph\">{\"@context\":\"https:\/\/schema.org\",\"@graph\":[{\"@type\":\"WebPage\",\"@id\":\"https:\/\/www.boerkerij.nl\/de\/appartement\/weidevilla\/\",\"url\":\"https:\/\/www.boerkerij.nl\/de\/appartement\/weidevilla\/\",\"name\":\"Boek nu | Weidevilla - Luxe verblijf in het boerenland | Hollum, Ameland\",\"isPartOf\":{\"@id\":\"https:\/\/www.boerkerij.nl\/#website\"},\"primaryImageOfPage\":{\"@id\":\"https:\/\/www.boerkerij.nl\/de\/appartement\/weidevilla\/#primaryimage\"},\"image\":{\"@id\":\"https:\/\/www.boerkerij.nl\/de\/appartement\/weidevilla\/#primaryimage\"},\"thumbnailUrl\":\"https:\/\/www.boerkerij.nl\/app\/uploads\/2015\/12\/Weidevilla-vooraanzicht-4-Boerkerij-Hollum-Ameland.jpg\",\"datePublished\":\"2015-12-20T09:42:17+00:00\",\"dateModified\":\"2022-11-22T17:34:27+00:00\",\"description\":\"Op zoek naar rust, luxe, ruimte en een wijds uitzicht? Boek dan de Weidevilla (t\/m 6 pers) met lounge terras & sauna, net iets buiten het centrum van Hollum. U loopt in een kwartiertje (3 min fietsen) zo het gezellige dorpscentrum in met o.a. gezellige terrassen, een supermarkt en een heerlijke authentieke warme bakker. Ook het strand en de vuurtoren zijn op loop-\/fietsafstand.\",\"breadcrumb\":{\"@id\":\"https:\/\/www.boerkerij.nl\/de\/appartement\/weidevilla\/#breadcrumb\"},\"inLanguage\":\"de-DE\",\"potentialAction\":[{\"@type\":\"ReadAction\",\"target\":[\"https:\/\/www.boerkerij.nl\/de\/appartement\/weidevilla\/\"]}]},{\"@type\":\"ImageObject\",\"inLanguage\":\"de-DE\",\"@id\":\"https:\/\/www.boerkerij.nl\/de\/appartement\/weidevilla\/#primaryimage\",\"url\":\"https:\/\/www.boerkerij.nl\/app\/uploads\/2015\/12\/Weidevilla-vooraanzicht-4-Boerkerij-Hollum-Ameland.jpg\",\"contentUrl\":\"https:\/\/www.boerkerij.nl\/app\/uploads\/2015\/12\/Weidevilla-vooraanzicht-4-Boerkerij-Hollum-Ameland.jpg\",\"width\":1000,\"height\":645},{\"@type\":\"BreadcrumbList\",\"@id\":\"https:\/\/www.boerkerij.nl\/de\/appartement\/weidevilla\/#breadcrumb\",\"itemListElement\":[{\"@type\":\"ListItem\",\"position\":1,\"name\":\"Home\",\"item\":\"https:\/\/www.boerkerij.nl\/de\/\"},{\"@type\":\"ListItem\",\"position\":2,\"name\":\"Appartementen\",\"item\":\"https:\/\/www.boerkerij.nl\/de\/appartementen\/\"},{\"@type\":\"ListItem\",\"position\":3,\"name\":\"Weidevilla\"}]},{\"@type\":\"WebSite\",\"@id\":\"https:\/\/www.boerkerij.nl\/#website\",\"url\":\"https:\/\/www.boerkerij.nl\/\",\"name\":\"DeBoerkerij\",\"description\":\"Appartementen op Ameland\",\"potentialAction\":[{\"@type\":\"SearchAction\",\"target\":{\"@type\":\"EntryPoint\",\"urlTemplate\":\"https:\/\/www.boerkerij.nl\/?s={search_term_string}\"},\"query-input\":{\"@type\":\"PropertyValueSpecification\",\"valueRequired\":true,\"valueName\":\"search_term_string\"}}],\"inLanguage\":\"de-DE\"}]}<\/script>\n<!-- \/ Yoast SEO plugin. -->","yoast_head_json":{"title":"Boek nu | Weidevilla - Luxe verblijf in het boerenland | Hollum, Ameland","description":"Op zoek naar rust, luxe, ruimte en een wijds uitzicht? Boek dan de Weidevilla (t\/m 6 pers) met lounge terras & sauna, net iets buiten het centrum van Hollum. U loopt in een kwartiertje (3 min fietsen) zo het gezellige dorpscentrum in met o.a. gezellige terrassen, een supermarkt en een heerlijke authentieke warme bakker. Ook het strand en de vuurtoren zijn op loop-\/fietsafstand.","robots":{"index":"index","follow":"follow","max-snippet":"max-snippet:-1","max-image-preview":"max-image-preview:large","max-video-preview":"max-video-preview:-1"},"canonical":"https:\/\/www.boerkerij.nl\/de\/appartement\/weidevilla\/","og_locale":"de_DE","og_type":"article","og_title":"Boek nu | Weidevilla - Luxe verblijf in het boerenland | Hollum, Ameland","og_description":"Op zoek naar rust, luxe, ruimte en een wijds uitzicht? Boek dan de Weidevilla (t\/m 6 pers) met lounge terras & sauna, net iets buiten het centrum van Hollum. U loopt in een kwartiertje (3 min fietsen) zo het gezellige dorpscentrum in met o.a. gezellige terrassen, een supermarkt en een heerlijke authentieke warme bakker. Ook het strand en de vuurtoren zijn op loop-\/fietsafstand.","og_url":"https:\/\/www.boerkerij.nl\/de\/appartement\/weidevilla\/","og_site_name":"DeBoerkerij","article_modified_time":"2022-11-22T17:34:27+00:00","og_image":[{"width":1000,"height":750,"url":"https:\/\/www.boerkerij.nl\/wp-content\/uploads\/2015\/12\/Weidevilla-vooraanzicht-3-Boerkerij-Hollum-Ameland.jpg","type":"image\/jpeg"}],"twitter_card":"summary_large_image","twitter_misc":{"Gesch\u00e4tzte Lesezeit":"1 minute"},"schema":{"@context":"https:\/\/schema.org","@graph":[{"@type":"WebPage","@id":"https:\/\/www.boerkerij.nl\/de\/appartement\/weidevilla\/","url":"https:\/\/www.boerkerij.nl\/de\/appartement\/weidevilla\/","name":"Boek nu | Weidevilla - Luxe verblijf in het boerenland | Hollum, Ameland","isPartOf":{"@id":"https:\/\/www.boerkerij.nl\/#website"},"primaryImageOfPage":{"@id":"https:\/\/www.boerkerij.nl\/de\/appartement\/weidevilla\/#primaryimage"},"image":{"@id":"https:\/\/www.boerkerij.nl\/de\/appartement\/weidevilla\/#primaryimage"},"thumbnailUrl":"https:\/\/www.boerkerij.nl\/app\/uploads\/2015\/12\/Weidevilla-vooraanzicht-4-Boerkerij-Hollum-Ameland.jpg","datePublished":"2015-12-20T09:42:17+00:00","dateModified":"2022-11-22T17:34:27+00:00","description":"Op zoek naar rust, luxe, ruimte en een wijds uitzicht? Boek dan de Weidevilla (t\/m 6 pers) met lounge terras & sauna, net iets buiten het centrum van Hollum. U loopt in een kwartiertje (3 min fietsen) zo het gezellige dorpscentrum in met o.a. gezellige terrassen, een supermarkt en een heerlijke authentieke warme bakker. Ook het strand en de vuurtoren zijn op loop-\/fietsafstand.","breadcrumb":{"@id":"https:\/\/www.boerkerij.nl\/de\/appartement\/weidevilla\/#breadcrumb"},"inLanguage":"de-DE","potentialAction":[{"@type":"ReadAction","target":["https:\/\/www.boerkerij.nl\/de\/appartement\/weidevilla\/"]}]},{"@type":"ImageObject","inLanguage":"de-DE","@id":"https:\/\/www.boerkerij.nl\/de\/appartement\/weidevilla\/#primaryimage","url":"https:\/\/www.boerkerij.nl\/app\/uploads\/2015\/12\/Weidevilla-vooraanzicht-4-Boerkerij-Hollum-Ameland.jpg","contentUrl":"https:\/\/www.boerkerij.nl\/app\/uploads\/2015\/12\/Weidevilla-vooraanzicht-4-Boerkerij-Hollum-Ameland.jpg","width":1000,"height":645},{"@type":"BreadcrumbList","@id":"https:\/\/www.boerkerij.nl\/de\/appartement\/weidevilla\/#breadcrumb","itemListElement":[{"@type":"ListItem","position":1,"name":"Home","item":"https:\/\/www.boerkerij.nl\/de\/"},{"@type":"ListItem","position":2,"name":"Appartementen","item":"https:\/\/www.boerkerij.nl\/de\/appartementen\/"},{"@type":"ListItem","position":3,"name":"Weidevilla"}]},{"@type":"WebSite","@id":"https:\/\/www.boerkerij.nl\/#website","url":"https:\/\/www.boerkerij.nl\/","name":"DeBoerkerij","description":"Appartementen op Ameland","potentialAction":[{"@type":"SearchAction","target":{"@type":"EntryPoint","urlTemplate":"https:\/\/www.boerkerij.nl\/?s={search_term_string}"},"query-input":{"@type":"PropertyValueSpecification","valueRequired":true,"valueName":"search_term_string"}}],"inLanguage":"de-DE"}]}},"_links":{"self":[{"href":"https:\/\/www.boerkerij.nl\/de\/wp-json\/wp\/v2\/product\/339","targetHints":{"allow":["GET"]}}],"collection":[{"href":"https:\/\/www.boerkerij.nl\/de\/wp-json\/wp\/v2\/product"}],"about":[{"href":"https:\/\/www.boerkerij.nl\/de\/wp-json\/wp\/v2\/types\/product"}],"replies":[{"embeddable":true,"href":"https:\/\/www.boerkerij.nl\/de\/wp-json\/wp\/v2\/comments?post=339"}],"wp:featuredmedia":[{"embeddable":true,"href":"https:\/\/www.boerkerij.nl\/de\/wp-json\/wp\/v2\/media\/502"}],"wp:attachment":[{"href":"https:\/\/www.boerkerij.nl\/de\/wp-json\/wp\/v2\/media?parent=339"}],"wp:term":[{"taxonomy":"product_brand","embeddable":true,"href":"https:\/\/www.boerkerij.nl\/de\/wp-json\/wp\/v2\/product_brand?post=339"},{"taxonomy":"product_cat","embeddable":true,"href":"https:\/\/www.boerkerij.nl\/de\/wp-json\/wp\/v2\/product_cat?post=339"},{"taxonomy":"product_tag","embeddable":true,"href":"https:\/\/www.boerkerij.nl\/de\/wp-json\/wp\/v2\/product_tag?post=339"}],"curies":[{"name":"wp","href":"https:\/\/api.w.org\/{rel}","templated":true}]}}