{"id":1522,"date":"2015-12-19T20:33:57","date_gmt":"2015-12-19T19:33:57","guid":{"rendered":"https:\/\/www.boerkerij.nl\/appartement\/wijde-blik-2\/"},"modified":"2026-04-07T08:47:49","modified_gmt":"2026-04-07T06:47:49","slug":"wijde-blik-de","status":"publish","type":"product","link":"https:\/\/www.boerkerij.nl\/de\/appartement\/wijde-blik-de\/","title":{"rendered":"Wijde Blik"},"content":{"rendered":"<p><strong>Beschreibung:<\/strong><\/p>\n<ul>\n<li>Gem\u00fctliches Wohnzimmer mit Kabel-TV, Zutritt zum Balkon mit Fernsicht<\/li>\n<li>Angrenzende K\u00fcche mit Essecke<br \/>\n&#8211; Elektroherd mit 4 Platten<br \/>\n&#8211; Senseoapparat, Kaffemaschine und \u00a0 Wasserkocher<br \/>\n&#8211; Mikrowelle<br \/>\n&#8211; Toaster<br \/>\n&#8211; K\u00fchlschrank mit Gefrierfach<\/li>\n<li>Badezimmer mit Dusche, Waschbecken und WC<\/li>\n<li>Schlafzimmer mit franz. Bett und 2 Matratzen<\/li>\n<\/ul>\n<p>&nbsp;<\/p>\n<p><strong>Extra&#8217;s<\/strong><\/p>\n<ul>\n<li style=\"text-align: left;\">W\u00e4hrend des Aufenthaltes steht Ihnen nach Absprache die Waschmaschine zur Verf\u00fcgung<\/li>\n<li style=\"text-align: left;\">Ausreichende Parkm\u00f6glichkeiten am Haus<\/li>\n<li style=\"text-align: left;\">F\u00fcr Fahrr\u00e4der steht eine Scheune zur Verf\u00fcgung.<\/li>\n<li style=\"text-align: left;\">Alle Appartementen verf\u00fcgen \u00fcber gratis Internet und WiFi<\/li>\n<\/ul>\n<p>&nbsp;<\/p>\n<p>Preise:<a href=\"\/?page_id=61\" target=\"_blank\"><strong> Siehe Preis\u00fcbersicht <\/strong><\/a><\/p>\n","protected":false},"excerpt":{"rendered":"<h4>Appartement mit weiter Aussicht<\/h4>\n<p>Das Appartement Wijde Blik ist bestimmt f\u00fcr 2 Personen und befindet sich im Obergeschoss des Eigent\u00fcmers.<\/p>\n<p>Das Haus steht an der Ostseite von Hollum. Sie erreichen den Dorfkern in wenigen Minuten mit Supermarkt und B\u00e4cker. Gem\u00fctliche Cafe&#8217;s laden zum Verweilen ein. Leuchtturm und Strand sind per Fahrrad oder zu Fuss gut erreichbar.<\/p>\n","protected":false},"featured_media":167,"comment_status":"open","ping_status":"closed","template":"","meta":{"_acf_changed":false},"product_brand":[],"product_cat":[],"product_tag":[],"class_list":{"0":"post-1522","1":"product","2":"type-product","3":"status-publish","4":"has-post-thumbnail","7":"first","8":"instock","9":"sold-individually","10":"shipping-taxable","11":"purchasable","12":"product-type-accommodation-booking"},"acf":[],"yoast_head":"<!-- This site is optimized with the Yoast SEO plugin v25.3.1 - https:\/\/yoast.com\/wordpress\/plugins\/seo\/ -->\n<title>Buchen Sie | Bauernhof-Appartement Wijde Blik mit Aussicht | Hollum Ameland<\/title>\n<meta name=\"description\" content=\"Gem\u00fctliches 2-personen Appartement an der Ostseite des Dorfes Hollum auf Ameland. Vom Balkon aus haben Sie einen guten Ausblick \u00fcber Landschaft und grasende Tiere auf den Feldern. Das Appartement befindet auf dem Grundst\u00fcck eines ehemaligen Bauernhofes. Zum Centrum des Dorfes gehen Sie in wenigen Minuten, wo Supermarkt , B\u00e4cker, Lokale und Gesch\u00e4fte f\u00fcr Abwechslung sorgen. Strand und Leuchtturm sind gut zu Fuss oder per Fahrrad zu erreichen.\" \/>\n<meta name=\"robots\" content=\"index, follow, max-snippet:-1, max-image-preview:large, max-video-preview:-1\" \/>\n<link rel=\"canonical\" href=\"https:\/\/www.boerkerij.nl\/de\/appartement\/wijde-blik-de\/\" \/>\n<meta property=\"og:locale\" content=\"de_DE\" \/>\n<meta property=\"og:type\" content=\"article\" \/>\n<meta property=\"og:title\" content=\"Boek nu | Appartement Wijde Blik met uitzicht | Hollum Ameland\" \/>\n<meta property=\"og:description\" content=\"Gem\u00fctliches 2-personen Appartement an der Ostseite des Dorfes Hollum auf Ameland. Vom Balkon aus haben Sie einen guten Ausblick \u00fcber Landschaft und grasende Tiere auf den Feldern. Das Appartement befindet auf dem Grundst\u00fcck eines ehemaligen Bauernhofes. Zum Centrum des Dorfes gehen Sie in wenigen Minuten, wo Supermarkt , B\u00e4cker, Lokale und Gesch\u00e4fte f\u00fcr Abwechslung sorgen. Strand und Leuchtturm sind gut zu Fuss oder per Fahrrad zu erreichen.\" \/>\n<meta property=\"og:url\" content=\"https:\/\/www.boerkerij.nl\/de\/appartement\/wijde-blik-de\/\" \/>\n<meta property=\"og:site_name\" content=\"DeBoerkerij\" \/>\n<meta property=\"article:modified_time\" content=\"2026-04-07T06:47:49+00:00\" \/>\n<meta property=\"og:image\" content=\"https:\/\/www.boerkerij.nl\/wp-content\/uploads\/2015\/12\/Voor-en-zijaanzicht-huis-Boerkerij-Wijde-Blik-Hollum-Ameland.jpg\" \/>\n\t<meta property=\"og:image:width\" content=\"1000\" \/>\n\t<meta property=\"og:image:height\" content=\"667\" \/>\n\t<meta property=\"og:image:type\" content=\"image\/jpeg\" \/>\n<meta name=\"twitter:card\" content=\"summary_large_image\" \/>\n<script type=\"application\/ld+json\" class=\"yoast-schema-graph\">{\"@context\":\"https:\/\/schema.org\",\"@graph\":[{\"@type\":\"WebPage\",\"@id\":\"https:\/\/www.boerkerij.nl\/de\/appartement\/wijde-blik-de\/\",\"url\":\"https:\/\/www.boerkerij.nl\/de\/appartement\/wijde-blik-de\/\",\"name\":\"Buchen Sie | Bauernhof-Appartement Wijde Blik mit Aussicht | Hollum Ameland\",\"isPartOf\":{\"@id\":\"https:\/\/www.boerkerij.nl\/#website\"},\"primaryImageOfPage\":{\"@id\":\"https:\/\/www.boerkerij.nl\/de\/appartement\/wijde-blik-de\/#primaryimage\"},\"image\":{\"@id\":\"https:\/\/www.boerkerij.nl\/de\/appartement\/wijde-blik-de\/#primaryimage\"},\"thumbnailUrl\":\"https:\/\/www.boerkerij.nl\/app\/uploads\/2015\/12\/Voor-en-zijaanzicht-huis-Boerkerij-Wijde-Blik-Hollum-Ameland.jpg\",\"datePublished\":\"2015-12-19T19:33:57+00:00\",\"dateModified\":\"2026-04-07T06:47:49+00:00\",\"description\":\"Gem\u00fctliches 2-personen Appartement an der Ostseite des Dorfes Hollum auf Ameland. Vom Balkon aus haben Sie einen guten Ausblick \u00fcber Landschaft und grasende Tiere auf den Feldern. Das Appartement befindet auf dem Grundst\u00fcck eines ehemaligen Bauernhofes. Zum Centrum des Dorfes gehen Sie in wenigen Minuten, wo Supermarkt , B\u00e4cker, Lokale und Gesch\u00e4fte f\u00fcr Abwechslung sorgen. Strand und Leuchtturm sind gut zu Fuss oder per Fahrrad zu erreichen.\",\"breadcrumb\":{\"@id\":\"https:\/\/www.boerkerij.nl\/de\/appartement\/wijde-blik-de\/#breadcrumb\"},\"inLanguage\":\"de-DE\",\"potentialAction\":[{\"@type\":\"ReadAction\",\"target\":[\"https:\/\/www.boerkerij.nl\/de\/appartement\/wijde-blik-de\/\"]}]},{\"@type\":\"ImageObject\",\"inLanguage\":\"de-DE\",\"@id\":\"https:\/\/www.boerkerij.nl\/de\/appartement\/wijde-blik-de\/#primaryimage\",\"url\":\"https:\/\/www.boerkerij.nl\/app\/uploads\/2015\/12\/Voor-en-zijaanzicht-huis-Boerkerij-Wijde-Blik-Hollum-Ameland.jpg\",\"contentUrl\":\"https:\/\/www.boerkerij.nl\/app\/uploads\/2015\/12\/Voor-en-zijaanzicht-huis-Boerkerij-Wijde-Blik-Hollum-Ameland.jpg\",\"width\":1000,\"height\":667},{\"@type\":\"BreadcrumbList\",\"@id\":\"https:\/\/www.boerkerij.nl\/de\/appartement\/wijde-blik-de\/#breadcrumb\",\"itemListElement\":[{\"@type\":\"ListItem\",\"position\":1,\"name\":\"Home\",\"item\":\"https:\/\/www.boerkerij.nl\/de\/\"},{\"@type\":\"ListItem\",\"position\":2,\"name\":\"Appartementen\",\"item\":\"https:\/\/www.boerkerij.nl\/de\/appartementen\/\"},{\"@type\":\"ListItem\",\"position\":3,\"name\":\"Wijde Blik\"}]},{\"@type\":\"WebSite\",\"@id\":\"https:\/\/www.boerkerij.nl\/#website\",\"url\":\"https:\/\/www.boerkerij.nl\/\",\"name\":\"DeBoerkerij\",\"description\":\"Appartementen op Ameland\",\"potentialAction\":[{\"@type\":\"SearchAction\",\"target\":{\"@type\":\"EntryPoint\",\"urlTemplate\":\"https:\/\/www.boerkerij.nl\/?s={search_term_string}\"},\"query-input\":{\"@type\":\"PropertyValueSpecification\",\"valueRequired\":true,\"valueName\":\"search_term_string\"}}],\"inLanguage\":\"de-DE\"}]}<\/script>\n<!-- \/ Yoast SEO plugin. -->","yoast_head_json":{"title":"Buchen Sie | Bauernhof-Appartement Wijde Blik mit Aussicht | Hollum Ameland","description":"Gem\u00fctliches 2-personen Appartement an der Ostseite des Dorfes Hollum auf Ameland. Vom Balkon aus haben Sie einen guten Ausblick \u00fcber Landschaft und grasende Tiere auf den Feldern. Das Appartement befindet auf dem Grundst\u00fcck eines ehemaligen Bauernhofes. Zum Centrum des Dorfes gehen Sie in wenigen Minuten, wo Supermarkt , B\u00e4cker, Lokale und Gesch\u00e4fte f\u00fcr Abwechslung sorgen. Strand und Leuchtturm sind gut zu Fuss oder per Fahrrad zu erreichen.","robots":{"index":"index","follow":"follow","max-snippet":"max-snippet:-1","max-image-preview":"max-image-preview:large","max-video-preview":"max-video-preview:-1"},"canonical":"https:\/\/www.boerkerij.nl\/de\/appartement\/wijde-blik-de\/","og_locale":"de_DE","og_type":"article","og_title":"Boek nu | Appartement Wijde Blik met uitzicht | Hollum Ameland","og_description":"Gem\u00fctliches 2-personen Appartement an der Ostseite des Dorfes Hollum auf Ameland. Vom Balkon aus haben Sie einen guten Ausblick \u00fcber Landschaft und grasende Tiere auf den Feldern. Das Appartement befindet auf dem Grundst\u00fcck eines ehemaligen Bauernhofes. Zum Centrum des Dorfes gehen Sie in wenigen Minuten, wo Supermarkt , B\u00e4cker, Lokale und Gesch\u00e4fte f\u00fcr Abwechslung sorgen. Strand und Leuchtturm sind gut zu Fuss oder per Fahrrad zu erreichen.","og_url":"https:\/\/www.boerkerij.nl\/de\/appartement\/wijde-blik-de\/","og_site_name":"DeBoerkerij","article_modified_time":"2026-04-07T06:47:49+00:00","og_image":[{"width":1000,"height":667,"url":"https:\/\/www.boerkerij.nl\/wp-content\/uploads\/2015\/12\/Voor-en-zijaanzicht-huis-Boerkerij-Wijde-Blik-Hollum-Ameland.jpg","type":"image\/jpeg"}],"twitter_card":"summary_large_image","schema":{"@context":"https:\/\/schema.org","@graph":[{"@type":"WebPage","@id":"https:\/\/www.boerkerij.nl\/de\/appartement\/wijde-blik-de\/","url":"https:\/\/www.boerkerij.nl\/de\/appartement\/wijde-blik-de\/","name":"Buchen Sie | Bauernhof-Appartement Wijde Blik mit Aussicht | Hollum Ameland","isPartOf":{"@id":"https:\/\/www.boerkerij.nl\/#website"},"primaryImageOfPage":{"@id":"https:\/\/www.boerkerij.nl\/de\/appartement\/wijde-blik-de\/#primaryimage"},"image":{"@id":"https:\/\/www.boerkerij.nl\/de\/appartement\/wijde-blik-de\/#primaryimage"},"thumbnailUrl":"https:\/\/www.boerkerij.nl\/app\/uploads\/2015\/12\/Voor-en-zijaanzicht-huis-Boerkerij-Wijde-Blik-Hollum-Ameland.jpg","datePublished":"2015-12-19T19:33:57+00:00","dateModified":"2026-04-07T06:47:49+00:00","description":"Gem\u00fctliches 2-personen Appartement an der Ostseite des Dorfes Hollum auf Ameland. Vom Balkon aus haben Sie einen guten Ausblick \u00fcber Landschaft und grasende Tiere auf den Feldern. Das Appartement befindet auf dem Grundst\u00fcck eines ehemaligen Bauernhofes. Zum Centrum des Dorfes gehen Sie in wenigen Minuten, wo Supermarkt , B\u00e4cker, Lokale und Gesch\u00e4fte f\u00fcr Abwechslung sorgen. Strand und Leuchtturm sind gut zu Fuss oder per Fahrrad zu erreichen.","breadcrumb":{"@id":"https:\/\/www.boerkerij.nl\/de\/appartement\/wijde-blik-de\/#breadcrumb"},"inLanguage":"de-DE","potentialAction":[{"@type":"ReadAction","target":["https:\/\/www.boerkerij.nl\/de\/appartement\/wijde-blik-de\/"]}]},{"@type":"ImageObject","inLanguage":"de-DE","@id":"https:\/\/www.boerkerij.nl\/de\/appartement\/wijde-blik-de\/#primaryimage","url":"https:\/\/www.boerkerij.nl\/app\/uploads\/2015\/12\/Voor-en-zijaanzicht-huis-Boerkerij-Wijde-Blik-Hollum-Ameland.jpg","contentUrl":"https:\/\/www.boerkerij.nl\/app\/uploads\/2015\/12\/Voor-en-zijaanzicht-huis-Boerkerij-Wijde-Blik-Hollum-Ameland.jpg","width":1000,"height":667},{"@type":"BreadcrumbList","@id":"https:\/\/www.boerkerij.nl\/de\/appartement\/wijde-blik-de\/#breadcrumb","itemListElement":[{"@type":"ListItem","position":1,"name":"Home","item":"https:\/\/www.boerkerij.nl\/de\/"},{"@type":"ListItem","position":2,"name":"Appartementen","item":"https:\/\/www.boerkerij.nl\/de\/appartementen\/"},{"@type":"ListItem","position":3,"name":"Wijde Blik"}]},{"@type":"WebSite","@id":"https:\/\/www.boerkerij.nl\/#website","url":"https:\/\/www.boerkerij.nl\/","name":"DeBoerkerij","description":"Appartementen op Ameland","potentialAction":[{"@type":"SearchAction","target":{"@type":"EntryPoint","urlTemplate":"https:\/\/www.boerkerij.nl\/?s={search_term_string}"},"query-input":{"@type":"PropertyValueSpecification","valueRequired":true,"valueName":"search_term_string"}}],"inLanguage":"de-DE"}]}},"_links":{"self":[{"href":"https:\/\/www.boerkerij.nl\/de\/wp-json\/wp\/v2\/product\/1522","targetHints":{"allow":["GET"]}}],"collection":[{"href":"https:\/\/www.boerkerij.nl\/de\/wp-json\/wp\/v2\/product"}],"about":[{"href":"https:\/\/www.boerkerij.nl\/de\/wp-json\/wp\/v2\/types\/product"}],"replies":[{"embeddable":true,"href":"https:\/\/www.boerkerij.nl\/de\/wp-json\/wp\/v2\/comments?post=1522"}],"wp:featuredmedia":[{"embeddable":true,"href":"https:\/\/www.boerkerij.nl\/de\/wp-json\/wp\/v2\/media\/167"}],"wp:attachment":[{"href":"https:\/\/www.boerkerij.nl\/de\/wp-json\/wp\/v2\/media?parent=1522"}],"wp:term":[{"taxonomy":"product_brand","embeddable":true,"href":"https:\/\/www.boerkerij.nl\/de\/wp-json\/wp\/v2\/product_brand?post=1522"},{"taxonomy":"product_cat","embeddable":true,"href":"https:\/\/www.boerkerij.nl\/de\/wp-json\/wp\/v2\/product_cat?post=1522"},{"taxonomy":"product_tag","embeddable":true,"href":"https:\/\/www.boerkerij.nl\/de\/wp-json\/wp\/v2\/product_tag?post=1522"}],"curies":[{"name":"wp","href":"https:\/\/api.w.org\/{rel}","templated":true}]}}