{"id":1512,"date":"2015-12-19T20:08:48","date_gmt":"2015-12-19T19:08:48","guid":{"rendered":"https:\/\/www.boerkerij.nl\/appartement\/blieneweg-3\/"},"modified":"2026-04-02T21:23:40","modified_gmt":"2026-04-02T19:23:40","slug":"blieneweg-3","status":"publish","type":"product","link":"https:\/\/www.boerkerij.nl\/de\/appartement\/blieneweg-3\/","title":{"rendered":"Blieneweg III"},"content":{"rendered":"<p>&nbsp;<\/p>\n<p><strong>Beschreibung:<\/strong><\/p>\n<p><strong>Erdgeschoss:<\/strong><\/p>\n<ul>\n<li>Gem\u00fctliches Wohnzimmer mit Kabel-TV,<\/li>\n<li>Angrenzende K\u00fcche mit Essecke\n<ul>\n<li>Gasherdplatte mit 4 Brennern<\/li>\n<li>Kaffeemaschine und Wasserkocher<\/li>\n<li>Mikrowelle<\/li>\n<li>Toaster<\/li>\n<li>K\u00fchlschrank mit Gefrierfach<\/li>\n<\/ul>\n<\/li>\n<li>Badezimmer mit Dusche, Waschbecken und WC<\/li>\n<li>Schlafzimmer 1:\u00a0 2\u00a0 Boxspringbetten<\/li>\n<li>Schlafzimmer 2:\u00a0 1 \u00a0Boxspringbett<\/li>\n<li>Ausgang zur Terrasse an der Ostseite mit Gartenm\u00f6beln<\/li>\n<\/ul>\n<p>&nbsp;<\/p>\n<p><strong>Extra&#8217;s<\/strong><\/p>\n<ul>\n<li>W\u00e4hrend des Aufenthaltes steht Ihnen nach Absprache die Waschmaschine<\/li>\n<li>zur Verf\u00fcgung<\/li>\n<li>Ausreichende Parkm\u00f6glichkeiten am Haus<\/li>\n<li>F\u00fcr Fahrr\u00e4der steht eine Scheune zur Verf\u00fcgung.<\/li>\n<li>Alle Appartementen verf\u00fcgen \u00fcber gratis Internet und WiFi<\/li>\n<\/ul>\n<p>&nbsp;<\/p>\n<p>Preise: <a href=\"\/?page_id=1533\" target=\"_blank\" rel=\"noopener noreferrer\"><strong>Siehe Preis\u00fcbersicht\u00a0<\/strong><\/a><\/p>\n","protected":false},"excerpt":{"rendered":"<h4 class=\"p1\">Bauernhof-Appartement<\/h4>\n<p>Das gem\u00fctliche 3 Personen Appartement befindet sich im Erdgeschoss vom  Bauernhof, in dem sich noch 3 weitere Appartementen befinden.<br \/>\nDer Bauernhof steht an der Ostseite vom Dorf Hollum. Sie erreichen den Dorfkern in wenigen Minuten mit  Supermarkt und B\u00e4cker. Gem\u00fctliche Cafe&#8217;s laden zum Verweilen ein. Leuchtturm und Strand sind per Fahrrad oder zu Fuss gut erreichbar.<br \/>\n&nbsp;<\/p>\n<p style=\"text-align: right;\"><a href=\"https:\/\/www.boerkerij.nl\/prijzen-appartementen\/\" target=\"_blank\" rel=\"noopener noreferrer\"><strong>Mehr \u00fcber De Boerkerij<\/strong><\/a><\/p>\n","protected":false},"featured_media":1873,"comment_status":"open","ping_status":"closed","template":"","meta":{"_acf_changed":false},"product_brand":[],"product_cat":[],"product_tag":[],"class_list":{"0":"post-1512","1":"product","2":"type-product","3":"status-publish","4":"has-post-thumbnail","7":"first","8":"instock","9":"sold-individually","10":"shipping-taxable","11":"purchasable","12":"product-type-accommodation-booking"},"acf":[],"yoast_head":"<!-- This site is optimized with the Yoast SEO plugin v25.3.1 - https:\/\/yoast.com\/wordpress\/plugins\/seo\/ -->\n<title>Boek nu | Boerderij-appartement Blieneweg 3 | Hollum Ameland<\/title>\n<meta name=\"description\" content=\"Fijn 3-persoons boerderij-appartement (gelijkvloers) in een (vakantie)boerderij aan de rand van het gezellige dorpscentrum van Hollum. Authentieke warme bakker, terrassen, restaurants en supermarkt op loopafstand! Ook het strand en de vuurtoren zijn op loop-\/fietsafstand.\" \/>\n<meta name=\"robots\" content=\"index, follow, max-snippet:-1, max-image-preview:large, max-video-preview:-1\" \/>\n<link rel=\"canonical\" href=\"https:\/\/www.boerkerij.nl\/de\/appartement\/blieneweg-3\/\" \/>\n<meta property=\"og:locale\" content=\"de_DE\" \/>\n<meta property=\"og:type\" content=\"article\" \/>\n<meta property=\"og:title\" content=\"Boek nu | Boerderij-appartement Blieneweg 3 | Hollum Ameland\" \/>\n<meta property=\"og:description\" content=\"Gezellig 3-persoons boerderij-appartement is gesitueerd in een (vakantie)boerderij aan de oostkant van het pittoreske dorpscentrum van Hollum. Op loopafstand: fijne restaunts, terrassen, een supermarkt en een heerlijke authentieke warme bakker. Ook het strand en de vuurtoren zijn op loop-\/fietsafstand.\" \/>\n<meta property=\"og:url\" content=\"https:\/\/www.boerkerij.nl\/de\/appartement\/blieneweg-3\/\" \/>\n<meta property=\"og:site_name\" content=\"DeBoerkerij\" \/>\n<meta property=\"article:modified_time\" content=\"2026-04-02T19:23:40+00:00\" \/>\n<meta property=\"og:image\" content=\"https:\/\/www.boerkerij.nl\/wp-content\/uploads\/2015\/12\/Parkeermogelijkheid-erf-Boerkerij-Hollum-Ameland.jpg\" \/>\n\t<meta property=\"og:image:width\" content=\"1000\" \/>\n\t<meta property=\"og:image:height\" content=\"667\" \/>\n\t<meta property=\"og:image:type\" content=\"image\/jpeg\" \/>\n<meta name=\"twitter:card\" content=\"summary_large_image\" \/>\n<script type=\"application\/ld+json\" class=\"yoast-schema-graph\">{\"@context\":\"https:\/\/schema.org\",\"@graph\":[{\"@type\":\"WebPage\",\"@id\":\"https:\/\/www.boerkerij.nl\/de\/appartement\/blieneweg-3\/\",\"url\":\"https:\/\/www.boerkerij.nl\/de\/appartement\/blieneweg-3\/\",\"name\":\"Boek nu | Boerderij-appartement Blieneweg 3 | Hollum Ameland\",\"isPartOf\":{\"@id\":\"https:\/\/www.boerkerij.nl\/#website\"},\"primaryImageOfPage\":{\"@id\":\"https:\/\/www.boerkerij.nl\/de\/appartement\/blieneweg-3\/#primaryimage\"},\"image\":{\"@id\":\"https:\/\/www.boerkerij.nl\/de\/appartement\/blieneweg-3\/#primaryimage\"},\"thumbnailUrl\":\"https:\/\/www.boerkerij.nl\/app\/uploads\/2015\/12\/Boerkerij-zonnig-terras-boerderij-appartement-Blieneweg-III-Hollum-Ameland.jpg\",\"datePublished\":\"2015-12-19T19:08:48+00:00\",\"dateModified\":\"2026-04-02T19:23:40+00:00\",\"description\":\"Fijn 3-persoons boerderij-appartement (gelijkvloers) in een (vakantie)boerderij aan de rand van het gezellige dorpscentrum van Hollum. Authentieke warme bakker, terrassen, restaurants en supermarkt op loopafstand! Ook het strand en de vuurtoren zijn op loop-\/fietsafstand.\",\"breadcrumb\":{\"@id\":\"https:\/\/www.boerkerij.nl\/de\/appartement\/blieneweg-3\/#breadcrumb\"},\"inLanguage\":\"de-DE\",\"potentialAction\":[{\"@type\":\"ReadAction\",\"target\":[\"https:\/\/www.boerkerij.nl\/de\/appartement\/blieneweg-3\/\"]}]},{\"@type\":\"ImageObject\",\"inLanguage\":\"de-DE\",\"@id\":\"https:\/\/www.boerkerij.nl\/de\/appartement\/blieneweg-3\/#primaryimage\",\"url\":\"https:\/\/www.boerkerij.nl\/app\/uploads\/2015\/12\/Boerkerij-zonnig-terras-boerderij-appartement-Blieneweg-III-Hollum-Ameland.jpg\",\"contentUrl\":\"https:\/\/www.boerkerij.nl\/app\/uploads\/2015\/12\/Boerkerij-zonnig-terras-boerderij-appartement-Blieneweg-III-Hollum-Ameland.jpg\",\"width\":900,\"height\":675},{\"@type\":\"BreadcrumbList\",\"@id\":\"https:\/\/www.boerkerij.nl\/de\/appartement\/blieneweg-3\/#breadcrumb\",\"itemListElement\":[{\"@type\":\"ListItem\",\"position\":1,\"name\":\"Home\",\"item\":\"https:\/\/www.boerkerij.nl\/de\/\"},{\"@type\":\"ListItem\",\"position\":2,\"name\":\"Appartementen\",\"item\":\"https:\/\/www.boerkerij.nl\/de\/appartementen\/\"},{\"@type\":\"ListItem\",\"position\":3,\"name\":\"Blieneweg III\"}]},{\"@type\":\"WebSite\",\"@id\":\"https:\/\/www.boerkerij.nl\/#website\",\"url\":\"https:\/\/www.boerkerij.nl\/\",\"name\":\"DeBoerkerij\",\"description\":\"Appartementen op Ameland\",\"potentialAction\":[{\"@type\":\"SearchAction\",\"target\":{\"@type\":\"EntryPoint\",\"urlTemplate\":\"https:\/\/www.boerkerij.nl\/?s={search_term_string}\"},\"query-input\":{\"@type\":\"PropertyValueSpecification\",\"valueRequired\":true,\"valueName\":\"search_term_string\"}}],\"inLanguage\":\"de-DE\"}]}<\/script>\n<!-- \/ Yoast SEO plugin. -->","yoast_head_json":{"title":"Boek nu | Boerderij-appartement Blieneweg 3 | Hollum Ameland","description":"Fijn 3-persoons boerderij-appartement (gelijkvloers) in een (vakantie)boerderij aan de rand van het gezellige dorpscentrum van Hollum. Authentieke warme bakker, terrassen, restaurants en supermarkt op loopafstand! Ook het strand en de vuurtoren zijn op loop-\/fietsafstand.","robots":{"index":"index","follow":"follow","max-snippet":"max-snippet:-1","max-image-preview":"max-image-preview:large","max-video-preview":"max-video-preview:-1"},"canonical":"https:\/\/www.boerkerij.nl\/de\/appartement\/blieneweg-3\/","og_locale":"de_DE","og_type":"article","og_title":"Boek nu | Boerderij-appartement Blieneweg 3 | Hollum Ameland","og_description":"Gezellig 3-persoons boerderij-appartement is gesitueerd in een (vakantie)boerderij aan de oostkant van het pittoreske dorpscentrum van Hollum. Op loopafstand: fijne restaunts, terrassen, een supermarkt en een heerlijke authentieke warme bakker. Ook het strand en de vuurtoren zijn op loop-\/fietsafstand.","og_url":"https:\/\/www.boerkerij.nl\/de\/appartement\/blieneweg-3\/","og_site_name":"DeBoerkerij","article_modified_time":"2026-04-02T19:23:40+00:00","og_image":[{"width":1000,"height":667,"url":"https:\/\/www.boerkerij.nl\/wp-content\/uploads\/2015\/12\/Parkeermogelijkheid-erf-Boerkerij-Hollum-Ameland.jpg","type":"image\/jpeg"}],"twitter_card":"summary_large_image","schema":{"@context":"https:\/\/schema.org","@graph":[{"@type":"WebPage","@id":"https:\/\/www.boerkerij.nl\/de\/appartement\/blieneweg-3\/","url":"https:\/\/www.boerkerij.nl\/de\/appartement\/blieneweg-3\/","name":"Boek nu | Boerderij-appartement Blieneweg 3 | Hollum Ameland","isPartOf":{"@id":"https:\/\/www.boerkerij.nl\/#website"},"primaryImageOfPage":{"@id":"https:\/\/www.boerkerij.nl\/de\/appartement\/blieneweg-3\/#primaryimage"},"image":{"@id":"https:\/\/www.boerkerij.nl\/de\/appartement\/blieneweg-3\/#primaryimage"},"thumbnailUrl":"https:\/\/www.boerkerij.nl\/app\/uploads\/2015\/12\/Boerkerij-zonnig-terras-boerderij-appartement-Blieneweg-III-Hollum-Ameland.jpg","datePublished":"2015-12-19T19:08:48+00:00","dateModified":"2026-04-02T19:23:40+00:00","description":"Fijn 3-persoons boerderij-appartement (gelijkvloers) in een (vakantie)boerderij aan de rand van het gezellige dorpscentrum van Hollum. Authentieke warme bakker, terrassen, restaurants en supermarkt op loopafstand! Ook het strand en de vuurtoren zijn op loop-\/fietsafstand.","breadcrumb":{"@id":"https:\/\/www.boerkerij.nl\/de\/appartement\/blieneweg-3\/#breadcrumb"},"inLanguage":"de-DE","potentialAction":[{"@type":"ReadAction","target":["https:\/\/www.boerkerij.nl\/de\/appartement\/blieneweg-3\/"]}]},{"@type":"ImageObject","inLanguage":"de-DE","@id":"https:\/\/www.boerkerij.nl\/de\/appartement\/blieneweg-3\/#primaryimage","url":"https:\/\/www.boerkerij.nl\/app\/uploads\/2015\/12\/Boerkerij-zonnig-terras-boerderij-appartement-Blieneweg-III-Hollum-Ameland.jpg","contentUrl":"https:\/\/www.boerkerij.nl\/app\/uploads\/2015\/12\/Boerkerij-zonnig-terras-boerderij-appartement-Blieneweg-III-Hollum-Ameland.jpg","width":900,"height":675},{"@type":"BreadcrumbList","@id":"https:\/\/www.boerkerij.nl\/de\/appartement\/blieneweg-3\/#breadcrumb","itemListElement":[{"@type":"ListItem","position":1,"name":"Home","item":"https:\/\/www.boerkerij.nl\/de\/"},{"@type":"ListItem","position":2,"name":"Appartementen","item":"https:\/\/www.boerkerij.nl\/de\/appartementen\/"},{"@type":"ListItem","position":3,"name":"Blieneweg III"}]},{"@type":"WebSite","@id":"https:\/\/www.boerkerij.nl\/#website","url":"https:\/\/www.boerkerij.nl\/","name":"DeBoerkerij","description":"Appartementen op Ameland","potentialAction":[{"@type":"SearchAction","target":{"@type":"EntryPoint","urlTemplate":"https:\/\/www.boerkerij.nl\/?s={search_term_string}"},"query-input":{"@type":"PropertyValueSpecification","valueRequired":true,"valueName":"search_term_string"}}],"inLanguage":"de-DE"}]}},"_links":{"self":[{"href":"https:\/\/www.boerkerij.nl\/de\/wp-json\/wp\/v2\/product\/1512","targetHints":{"allow":["GET"]}}],"collection":[{"href":"https:\/\/www.boerkerij.nl\/de\/wp-json\/wp\/v2\/product"}],"about":[{"href":"https:\/\/www.boerkerij.nl\/de\/wp-json\/wp\/v2\/types\/product"}],"replies":[{"embeddable":true,"href":"https:\/\/www.boerkerij.nl\/de\/wp-json\/wp\/v2\/comments?post=1512"}],"wp:featuredmedia":[{"embeddable":true,"href":"https:\/\/www.boerkerij.nl\/de\/wp-json\/wp\/v2\/media\/1873"}],"wp:attachment":[{"href":"https:\/\/www.boerkerij.nl\/de\/wp-json\/wp\/v2\/media?parent=1512"}],"wp:term":[{"taxonomy":"product_brand","embeddable":true,"href":"https:\/\/www.boerkerij.nl\/de\/wp-json\/wp\/v2\/product_brand?post=1512"},{"taxonomy":"product_cat","embeddable":true,"href":"https:\/\/www.boerkerij.nl\/de\/wp-json\/wp\/v2\/product_cat?post=1512"},{"taxonomy":"product_tag","embeddable":true,"href":"https:\/\/www.boerkerij.nl\/de\/wp-json\/wp\/v2\/product_tag?post=1512"}],"curies":[{"name":"wp","href":"https:\/\/api.w.org\/{rel}","templated":true}]}}