{"id":337,"date":"2015-12-08T15:41:20","date_gmt":"2015-12-08T14:41:20","guid":{"rendered":"http:\/\/www.boerkerij.nl\/de\/over-de-boerkerij\/"},"modified":"2017-03-03T14:31:13","modified_gmt":"2017-03-03T13:31:13","slug":"information-de-boerkerij","status":"publish","type":"page","link":"https:\/\/www.boerkerij.nl\/de\/information-de-boerkerij\/","title":{"rendered":"Information De Boerkerij"},"content":{"rendered":"<div id=\"attachment_223\" style=\"width: 327px\" class=\"wp-caption alignright\"><img loading=\"lazy\" decoding=\"async\" aria-describedby=\"caption-attachment-223\" class=\"wp-image-223\" src=\"https:\/\/www.boerkerij.nl\/app\/uploads\/2015\/12\/Aanzicht-De-Boerkerij-over-De-Boerkerij-1.jpg\" alt=\"De Boerkerij, boerderij en appartementen in Hollum, Ameland\" width=\"317\" height=\"173\" srcset=\"https:\/\/www.boerkerij.nl\/app\/uploads\/2015\/12\/Aanzicht-De-Boerkerij-over-De-Boerkerij-1.jpg 1000w, https:\/\/www.boerkerij.nl\/app\/uploads\/2015\/12\/Aanzicht-De-Boerkerij-over-De-Boerkerij-1-300x164.jpg 300w, https:\/\/www.boerkerij.nl\/app\/uploads\/2015\/12\/Aanzicht-De-Boerkerij-over-De-Boerkerij-1-768x419.jpg 768w\" sizes=\"auto, (max-width: 317px) 100vw, 317px\" \/><p id=\"caption-attachment-223\" class=\"wp-caption-text\">De Boerkerij, boerderij-appartementen in Hollum, Ameland<\/p><\/div>\n<h3>Bauernhof-Appartementen | Charme logies auf\u00a0Ameland<\/h3>\n<p>Die Bauernhof-Appartementen von Familie de Boer liegen an der Ostseite von Hollum. Der Dorfkern ist in wenigen Gehminuten erreichbar, Leuchtturm und Strand sind ca. 1,5 km entfernt.<\/p>\n<p>Die Appartementen Blieneweg I-III, Noord-Miede und Wijde Blik liegen auf einem grossen Grundst\u00fcck vom Bauernhof. Sie haben eine gute Aussicht auf die L\u00e4ndereien und Weiden mit Tieren. Jedes Appartement hat einen eigenen Eingang und eine Terrasse, wo Sie die Sonne geniessen k\u00f6nnen.<\/p>\n<p>Die Kinder haben auf dem Grundst\u00fcck genug M\u00f6glichkeiten um zu spielen. In der N\u00e4he ist ein Spielplatz mit Schaukel, Kletterger\u00fcst und Rutsche.<\/p>\n<p>Ihr Auto parkt problemlos auf dem Hof und die Fahrr\u00e4der k\u00f6nnen in der Scheune untergestellt werden.<\/p>\n<p>Die Bauernhof-Appartementen bieten Platz f\u00fcr 2 &#8211; 5 Personen. Alle Unterk\u00fcnfte sind komplett eingerichtet mit u.a. Badezimmer mit Dusche oder Badewanne und WC, LED-Fernseher und gratis Internetzugang (WiFi). Eine Gemeinschaftswaschmaschine steht nach Bedarf zur Verf\u00fcgung.<\/p>\n<h3>Weidevilla | Luxuri\u00f6se Aufenthalt auf dem Lande<\/h3>\n<p>Suchen Sie Ruhe, Luxus und Aussicht? Wir vermieten f\u00fcr bis zu 6 Personen unsere gem\u00fctliche Weidevilla im Stil der\u00a0 Amelander Bauernh\u00f6fe. Die Weidevilla liegt ca. 1,2 km ausserhalb des Dorfes Hollum und bietet gen\u00fcgend Platz zum Entspannen. Im Aussengel\u00e4nde finden Sie eine grossz\u00fcgig angelegte Terrasse und der Parkplatz bietet Platz f\u00fcr 2 Auto&#8217;s\u00a0 vor der Haust\u00fcr. F\u00fcr die kleinen G\u00e4ste steht ein Spielplatz zur Verf\u00fcgung.<\/p>\n<p>&nbsp;<\/p>\n<p><img loading=\"lazy\" decoding=\"async\" class=\"alignnone wp-image-228 \" src=\"https:\/\/www.boerkerij.nl\/app\/uploads\/2015\/12\/De-Boerkerij-strandrit-met-paarden.jpg\" alt=\"De Boerkerij - strandrit met paarden op het strand van Ameland\" width=\"784\" height=\"207\" srcset=\"https:\/\/www.boerkerij.nl\/app\/uploads\/2015\/12\/De-Boerkerij-strandrit-met-paarden.jpg 1000w, https:\/\/www.boerkerij.nl\/app\/uploads\/2015\/12\/De-Boerkerij-strandrit-met-paarden-300x79.jpg 300w, https:\/\/www.boerkerij.nl\/app\/uploads\/2015\/12\/De-Boerkerij-strandrit-met-paarden-768x203.jpg 768w\" sizes=\"auto, (max-width: 784px) 100vw, 784px\" \/><\/p>\n<h3>Besonderes Erlebnis | mit Pferd und Kutsche am Strand<\/h3>\n<p>Theo de Boer ist aktiv\u00a0 im Reitsport. Er unternimmt mit G\u00e4sten regelm\u00e4ssig\u00a0 Fahrten mit Pferd und Kutsche (Marathonwagen) oder Planwagen. Sie k\u00f6nnen nach Absprache auch Ihr eigenes Pferd mitbringen und bei t\u00e4glichen Ausritten die Natur geniessen.<\/p>\n<p><img loading=\"lazy\" decoding=\"async\" class=\"alignnone wp-image-729\" src=\"https:\/\/www.boerkerij.nl\/app\/uploads\/2015\/12\/Met-paard-en-koets-Boerkerij-Hollum-Ameland.png\" alt=\"Met paard en koets - Boerkerij Hollum Ameland\" width=\"782\" height=\"214\" srcset=\"https:\/\/www.boerkerij.nl\/app\/uploads\/2015\/12\/Met-paard-en-koets-Boerkerij-Hollum-Ameland.png 869w, https:\/\/www.boerkerij.nl\/app\/uploads\/2015\/12\/Met-paard-en-koets-Boerkerij-Hollum-Ameland-300x82.png 300w, https:\/\/www.boerkerij.nl\/app\/uploads\/2015\/12\/Met-paard-en-koets-Boerkerij-Hollum-Ameland-768x210.png 768w\" sizes=\"auto, (max-width: 782px) 100vw, 782px\" \/><\/p>\n<h3>Genie\u00dfen Sie Das Landleben<\/h3>\n<p>Auf dem Bauernhof sind mehrere Tiere zu Hause: eine Katze, H\u00fchner, Schafe und Pferde. Im Fr\u00fchjahr werden bei uns L\u00e4mmer geboren. Dies alles macht einen Aufenthalt bei Familie de Boer zu einem unvergesslichen Erlebnis f\u00fcr Jung und Alt.<\/p>\n<p><img loading=\"lazy\" decoding=\"async\" class=\"alignnone wp-image-242 \" src=\"https:\/\/www.boerkerij.nl\/app\/uploads\/2015\/12\/De-Boerkerij-schapen-op-Ameland.jpg\" alt=\"De Boerkerij - schapen op Ameland\" width=\"782\" height=\"230\" srcset=\"https:\/\/www.boerkerij.nl\/app\/uploads\/2015\/12\/De-Boerkerij-schapen-op-Ameland.jpg 1000w, https:\/\/www.boerkerij.nl\/app\/uploads\/2015\/12\/De-Boerkerij-schapen-op-Ameland-300x88.jpg 300w, https:\/\/www.boerkerij.nl\/app\/uploads\/2015\/12\/De-Boerkerij-schapen-op-Ameland-768x226.jpg 768w\" sizes=\"auto, (max-width: 782px) 100vw, 782px\" \/><\/p>\n<h3>Hollum<\/h3>\n<p>Die Bauernhof-Appartementen von Familie de Boer liegen an der Ostseite von Hollum. Der Dorfkern ist in wenigen Gehminuten erreichbar mit Gesch\u00e4ften, Supermarkt und B\u00e4cker.<\/p>\n<p style=\"text-align: center;\"><strong>Tipp:<\/strong> <span style=\"color: #008080;\">Probieren Sie das herrliche &#8220;Juttersbrot&#8221; vom B\u00e4cker in Hollum,<br \/>\nbelegt <\/span><span style=\"color: #008080;\">mit Amelander K\u00e4se vom K\u00e4sehof in Hollum.<\/span><\/p>\n<p>In Hollum finden Sie verschiedene Restaurant&#8217;s, 2 Musea und die Windm\u00fchle in der Senf hergestellt und Mehl gemalen wird. Mit dem Fahrrad erreichen sie D\u00fcnen und Strand in ca. 10 Minuten. Geniessen Sie von den regelm\u00e4ssig organisierten Aktivit\u00e4ten.<\/p>\n<p><a class=\"button\" href=\"\/?page_id=194\" target=\"_blank\">Siehe Aktivit\u00e4tenkalender<\/a><\/p>\n<div id=\"attachment_763\" style=\"width: 792px\" class=\"wp-caption alignnone\"><img loading=\"lazy\" decoding=\"async\" aria-describedby=\"caption-attachment-763\" class=\"wp-image-763\" src=\"https:\/\/www.boerkerij.nl\/app\/uploads\/2015\/12\/De-Boerkerij-Skyline-Hollum-Ameland.jpg\" alt=\"Skyline Hollum Ameland\" width=\"782\" height=\"302\" srcset=\"https:\/\/www.boerkerij.nl\/app\/uploads\/2015\/12\/De-Boerkerij-Skyline-Hollum-Ameland.jpg 1000w, https:\/\/www.boerkerij.nl\/app\/uploads\/2015\/12\/De-Boerkerij-Skyline-Hollum-Ameland-300x116.jpg 300w, https:\/\/www.boerkerij.nl\/app\/uploads\/2015\/12\/De-Boerkerij-Skyline-Hollum-Ameland-768x296.jpg 768w\" sizes=\"auto, (max-width: 782px) 100vw, 782px\" \/><p id=\"caption-attachment-763\" class=\"wp-caption-text\">Skyline Hollum Ameland<\/p><\/div>\n<div id=\"attachment_743\" style=\"width: 410px\" class=\"wp-caption alignnone\"><img loading=\"lazy\" decoding=\"async\" aria-describedby=\"caption-attachment-743\" class=\"wp-image-743\" src=\"https:\/\/www.boerkerij.nl\/app\/uploads\/2015\/12\/De-Boerkerij-molen-in-Hollum-Ameland.jpg\" alt=\"Molen in Hollum, Ameland \" width=\"400\" height=\"267\" srcset=\"https:\/\/www.boerkerij.nl\/app\/uploads\/2015\/12\/De-Boerkerij-molen-in-Hollum-Ameland.jpg 1000w, https:\/\/www.boerkerij.nl\/app\/uploads\/2015\/12\/De-Boerkerij-molen-in-Hollum-Ameland-300x200.jpg 300w, https:\/\/www.boerkerij.nl\/app\/uploads\/2015\/12\/De-Boerkerij-molen-in-Hollum-Ameland-768x512.jpg 768w\" sizes=\"auto, (max-width: 400px) 100vw, 400px\" \/><p id=\"caption-attachment-743\" class=\"wp-caption-text\">Hollummer molen, Hollum Ameland<\/p><\/div>\n<h3>Ameland omgeving<\/h3>\n<p>&nbsp;<\/p>\n<div id=\"attachment_733\" style=\"width: 364px\" class=\"wp-caption alignleft\"><img loading=\"lazy\" decoding=\"async\" aria-describedby=\"caption-attachment-733\" class=\"wp-image-733\" src=\"https:\/\/www.boerkerij.nl\/app\/uploads\/2015\/12\/De-Boererij-Haven-van-Ameland.jpg\" alt=\"Haven van Nes, Ameland\" width=\"354\" height=\"236\" srcset=\"https:\/\/www.boerkerij.nl\/app\/uploads\/2015\/12\/De-Boererij-Haven-van-Ameland.jpg 1000w, https:\/\/www.boerkerij.nl\/app\/uploads\/2015\/12\/De-Boererij-Haven-van-Ameland-300x200.jpg 300w, https:\/\/www.boerkerij.nl\/app\/uploads\/2015\/12\/De-Boererij-Haven-van-Ameland-768x512.jpg 768w\" sizes=\"auto, (max-width: 354px) 100vw, 354px\" \/><p id=\"caption-attachment-733\" class=\"wp-caption-text\">Haven van Nes, Ameland<\/p><\/div>\n<div id=\"attachment_735\" style=\"width: 364px\" class=\"wp-caption alignright\"><img loading=\"lazy\" decoding=\"async\" aria-describedby=\"caption-attachment-735\" class=\"wp-image-735\" src=\"https:\/\/www.boerkerij.nl\/app\/uploads\/2015\/12\/De-Boererij-waddenzee-kustgebied-Ameland.jpg\" alt=\"Ameland kust\" width=\"354\" height=\"236\" srcset=\"https:\/\/www.boerkerij.nl\/app\/uploads\/2015\/12\/De-Boererij-waddenzee-kustgebied-Ameland.jpg 1000w, https:\/\/www.boerkerij.nl\/app\/uploads\/2015\/12\/De-Boererij-waddenzee-kustgebied-Ameland-300x200.jpg 300w, https:\/\/www.boerkerij.nl\/app\/uploads\/2015\/12\/De-Boererij-waddenzee-kustgebied-Ameland-768x512.jpg 768w\" sizes=\"auto, (max-width: 354px) 100vw, 354px\" \/><p id=\"caption-attachment-735\" class=\"wp-caption-text\">Ameland kust<\/p><\/div>\n<div id=\"attachment_757\" style=\"width: 364px\" class=\"wp-caption alignleft\"><img loading=\"lazy\" decoding=\"async\" aria-describedby=\"caption-attachment-757\" class=\"wp-image-757\" src=\"https:\/\/www.boerkerij.nl\/app\/uploads\/2015\/12\/Ameland-meeuwen-op-het-strand-duinen-Hollum-Ameland-Boerkerij.jpg\" alt=\"????????????????????????????????????\" width=\"354\" height=\"236\" srcset=\"https:\/\/www.boerkerij.nl\/app\/uploads\/2015\/12\/Ameland-meeuwen-op-het-strand-duinen-Hollum-Ameland-Boerkerij.jpg 800w, https:\/\/www.boerkerij.nl\/app\/uploads\/2015\/12\/Ameland-meeuwen-op-het-strand-duinen-Hollum-Ameland-Boerkerij-300x200.jpg 300w, https:\/\/www.boerkerij.nl\/app\/uploads\/2015\/12\/Ameland-meeuwen-op-het-strand-duinen-Hollum-Ameland-Boerkerij-768x512.jpg 768w\" sizes=\"auto, (max-width: 354px) 100vw, 354px\" \/><p id=\"caption-attachment-757\" class=\"wp-caption-text\">Ameland duinen<\/p><\/div>\n<div id=\"attachment_759\" style=\"width: 364px\" class=\"wp-caption alignright\"><img loading=\"lazy\" decoding=\"async\" aria-describedby=\"caption-attachment-759\" class=\"wp-image-759\" src=\"https:\/\/www.boerkerij.nl\/app\/uploads\/2015\/12\/Ameland-strand-Boerkerij-Hollum-Ameland-natuur.jpg\" alt=\"????????????????????????????????????\" width=\"354\" height=\"236\" srcset=\"https:\/\/www.boerkerij.nl\/app\/uploads\/2015\/12\/Ameland-strand-Boerkerij-Hollum-Ameland-natuur.jpg 800w, https:\/\/www.boerkerij.nl\/app\/uploads\/2015\/12\/Ameland-strand-Boerkerij-Hollum-Ameland-natuur-300x200.jpg 300w, https:\/\/www.boerkerij.nl\/app\/uploads\/2015\/12\/Ameland-strand-Boerkerij-Hollum-Ameland-natuur-768x512.jpg 768w\" sizes=\"auto, (max-width: 354px) 100vw, 354px\" \/><p id=\"caption-attachment-759\" class=\"wp-caption-text\">Ameland strand<\/p><\/div>\n<div id=\"attachment_749\" style=\"width: 364px\" class=\"wp-caption alignleft\"><img loading=\"lazy\" decoding=\"async\" aria-describedby=\"caption-attachment-749\" class=\"wp-image-749\" src=\"https:\/\/www.boerkerij.nl\/app\/uploads\/2015\/12\/De-Boerkerij-Vuurtoren-op-Ameland.jpg\" alt=\"Ameland vuurtoren\" width=\"354\" height=\"236\" srcset=\"https:\/\/www.boerkerij.nl\/app\/uploads\/2015\/12\/De-Boerkerij-Vuurtoren-op-Ameland.jpg 1000w, https:\/\/www.boerkerij.nl\/app\/uploads\/2015\/12\/De-Boerkerij-Vuurtoren-op-Ameland-300x200.jpg 300w, https:\/\/www.boerkerij.nl\/app\/uploads\/2015\/12\/De-Boerkerij-Vuurtoren-op-Ameland-768x512.jpg 768w\" sizes=\"auto, (max-width: 354px) 100vw, 354px\" \/><p id=\"caption-attachment-749\" class=\"wp-caption-text\">Ameland vuurtoren<\/p><\/div>\n<div id=\"attachment_755\" style=\"width: 364px\" class=\"wp-caption alignright\"><img loading=\"lazy\" decoding=\"async\" aria-describedby=\"caption-attachment-755\" class=\"wp-image-755\" src=\"https:\/\/www.boerkerij.nl\/app\/uploads\/2015\/12\/Ameland-duinen-Boerkerij-Hollum-natuur.jpg\" alt=\"Ameland duinen en zee\" width=\"354\" height=\"236\" srcset=\"https:\/\/www.boerkerij.nl\/app\/uploads\/2015\/12\/Ameland-duinen-Boerkerij-Hollum-natuur.jpg 1000w, https:\/\/www.boerkerij.nl\/app\/uploads\/2015\/12\/Ameland-duinen-Boerkerij-Hollum-natuur-300x200.jpg 300w, https:\/\/www.boerkerij.nl\/app\/uploads\/2015\/12\/Ameland-duinen-Boerkerij-Hollum-natuur-768x512.jpg 768w\" sizes=\"auto, (max-width: 354px) 100vw, 354px\" \/><p id=\"caption-attachment-755\" class=\"wp-caption-text\">Ameland duinen en zee<\/p><\/div>\n<div id=\"attachment_745\" style=\"width: 364px\" class=\"wp-caption alignleft\"><img loading=\"lazy\" decoding=\"async\" aria-describedby=\"caption-attachment-745\" class=\"wp-image-745\" src=\"https:\/\/www.boerkerij.nl\/app\/uploads\/2015\/12\/De-Boerkerij-uitzicht-vanaf-de-dijk-bij-Hollum-Ameland.jpg\" alt=\"????????????????????????????????????\" width=\"354\" height=\"236\" srcset=\"https:\/\/www.boerkerij.nl\/app\/uploads\/2015\/12\/De-Boerkerij-uitzicht-vanaf-de-dijk-bij-Hollum-Ameland.jpg 1000w, https:\/\/www.boerkerij.nl\/app\/uploads\/2015\/12\/De-Boerkerij-uitzicht-vanaf-de-dijk-bij-Hollum-Ameland-300x200.jpg 300w, https:\/\/www.boerkerij.nl\/app\/uploads\/2015\/12\/De-Boerkerij-uitzicht-vanaf-de-dijk-bij-Hollum-Ameland-768x512.jpg 768w\" sizes=\"auto, (max-width: 354px) 100vw, 354px\" \/><p id=\"caption-attachment-745\" class=\"wp-caption-text\">Uitzicht vanaf de dijk<\/p><\/div>\n<div id=\"attachment_737\" style=\"width: 364px\" class=\"wp-caption alignright\"><img loading=\"lazy\" decoding=\"async\" aria-describedby=\"caption-attachment-737\" class=\"wp-image-737\" src=\"https:\/\/www.boerkerij.nl\/app\/uploads\/2015\/12\/De-Boerkerij-Ameland-natuur-in-bloei-2.jpg\" alt=\"????????????????????????????????????\" width=\"354\" height=\"236\" srcset=\"https:\/\/www.boerkerij.nl\/app\/uploads\/2015\/12\/De-Boerkerij-Ameland-natuur-in-bloei-2.jpg 1000w, https:\/\/www.boerkerij.nl\/app\/uploads\/2015\/12\/De-Boerkerij-Ameland-natuur-in-bloei-2-300x200.jpg 300w, https:\/\/www.boerkerij.nl\/app\/uploads\/2015\/12\/De-Boerkerij-Ameland-natuur-in-bloei-2-768x512.jpg 768w\" sizes=\"auto, (max-width: 354px) 100vw, 354px\" \/><p id=\"caption-attachment-737\" class=\"wp-caption-text\">Ameland natuur in bloei<\/p><\/div>\n","protected":false},"excerpt":{"rendered":"<p>Bauernhof-Appartementen | Charme logies auf\u00a0Ameland Die Bauernhof-Appartementen von Familie de Boer liegen an der Ostseite von Hollum. Der Dorfkern ist in wenigen Gehminuten erreichbar, Leuchtturm und Strand sind ca. 1,5 km entfernt. Die Appartementen Blieneweg I-III, Noord-Miede und Wijde Blik<\/p>\n","protected":false},"author":5,"featured_media":224,"parent":0,"menu_order":0,"comment_status":"closed","ping_status":"closed","template":"","meta":{"_acf_changed":false,"footnotes":""},"class_list":["post-337","page","type-page","status-publish","has-post-thumbnail","hentry"],"acf":[],"yoast_head":"<!-- This site is optimized with the Yoast SEO plugin v25.3.1 - https:\/\/yoast.com\/wordpress\/plugins\/seo\/ -->\n<title>Die Boerkerij | Bauerhof-Appartementen auf Ameland<\/title>\n<meta name=\"description\" content=\"Die Bauernhof-Appartementen von Familie de Boer liegen an der Ostseite des Dorfes Hollum, nur wenige Minuten vom Centrum entfernt. Die Entfernung zum Strand und Leuchtturm ist ca. 1,5 km. Eine gute Basis f\u00fcr Aktivit\u00e4ten in frischer Luft aller Art.\" \/>\n<meta name=\"robots\" content=\"index, follow, max-snippet:-1, max-image-preview:large, max-video-preview:-1\" \/>\n<link rel=\"canonical\" href=\"https:\/\/www.boerkerij.nl\/de\/information-de-boerkerij\/\" \/>\n<meta property=\"og:locale\" content=\"de_DE\" \/>\n<meta property=\"og:type\" content=\"article\" \/>\n<meta property=\"og:title\" content=\"De Boerkerij | Boerderij-appartementen | Charme logies op Ameland\" \/>\n<meta property=\"og:description\" content=\"De boerderij-appartementen van familie De Boer zijn gelegen aan de rand van het centrum van het pittoreske dorpje Hollum en bevinden zich 1,5 km vanaf het strand en de vuurtoren van Ameland. Een ideale uitvalsbasis voor diverse buitenactiviteiten!\" \/>\n<meta property=\"og:url\" content=\"https:\/\/www.boerkerij.nl\/de\/information-de-boerkerij\/\" \/>\n<meta property=\"og:site_name\" content=\"DeBoerkerij\" \/>\n<meta property=\"article:modified_time\" content=\"2017-03-03T13:31:13+00:00\" \/>\n<meta property=\"og:image\" content=\"https:\/\/www.boerkerij.nl\/wp-content\/uploads\/2015\/12\/Vooraanzicht-huis-Boerkerij-Wijde-Blik-Hollum-Ameland.jpg\" \/>\n\t<meta property=\"og:image:width\" content=\"1000\" \/>\n\t<meta property=\"og:image:height\" content=\"667\" \/>\n\t<meta property=\"og:image:type\" content=\"image\/jpeg\" \/>\n<meta name=\"twitter:card\" content=\"summary_large_image\" \/>\n<meta name=\"twitter:label1\" content=\"Gesch\u00e4tzte Lesezeit\" \/>\n\t<meta name=\"twitter:data1\" content=\"3 minutes\" \/>\n<script type=\"application\/ld+json\" class=\"yoast-schema-graph\">{\"@context\":\"https:\/\/schema.org\",\"@graph\":[{\"@type\":\"WebPage\",\"@id\":\"https:\/\/www.boerkerij.nl\/de\/information-de-boerkerij\/\",\"url\":\"https:\/\/www.boerkerij.nl\/de\/information-de-boerkerij\/\",\"name\":\"Die Boerkerij | Bauerhof-Appartementen auf Ameland\",\"isPartOf\":{\"@id\":\"https:\/\/www.boerkerij.nl\/#website\"},\"primaryImageOfPage\":{\"@id\":\"https:\/\/www.boerkerij.nl\/de\/information-de-boerkerij\/#primaryimage\"},\"image\":{\"@id\":\"https:\/\/www.boerkerij.nl\/de\/information-de-boerkerij\/#primaryimage\"},\"thumbnailUrl\":\"https:\/\/www.boerkerij.nl\/app\/uploads\/2015\/12\/Aanzicht-De-Boerkerij-over-De-Boerkerij-1.jpg\",\"datePublished\":\"2015-12-08T14:41:20+00:00\",\"dateModified\":\"2017-03-03T13:31:13+00:00\",\"description\":\"Die Bauernhof-Appartementen von Familie de Boer liegen an der Ostseite des Dorfes Hollum, nur wenige Minuten vom Centrum entfernt. Die Entfernung zum Strand und Leuchtturm ist ca. 1,5 km. Eine gute Basis f\u00fcr Aktivit\u00e4ten in frischer Luft aller Art.\",\"breadcrumb\":{\"@id\":\"https:\/\/www.boerkerij.nl\/de\/information-de-boerkerij\/#breadcrumb\"},\"inLanguage\":\"de-DE\",\"potentialAction\":[{\"@type\":\"ReadAction\",\"target\":[\"https:\/\/www.boerkerij.nl\/de\/information-de-boerkerij\/\"]}]},{\"@type\":\"ImageObject\",\"inLanguage\":\"de-DE\",\"@id\":\"https:\/\/www.boerkerij.nl\/de\/information-de-boerkerij\/#primaryimage\",\"url\":\"https:\/\/www.boerkerij.nl\/app\/uploads\/2015\/12\/Aanzicht-De-Boerkerij-over-De-Boerkerij-1.jpg\",\"contentUrl\":\"https:\/\/www.boerkerij.nl\/app\/uploads\/2015\/12\/Aanzicht-De-Boerkerij-over-De-Boerkerij-1.jpg\",\"width\":1000,\"height\":546,\"caption\":\"????????????????????????????????????\"},{\"@type\":\"BreadcrumbList\",\"@id\":\"https:\/\/www.boerkerij.nl\/de\/information-de-boerkerij\/#breadcrumb\",\"itemListElement\":[{\"@type\":\"ListItem\",\"position\":1,\"name\":\"Home\",\"item\":\"https:\/\/www.boerkerij.nl\/de\/\"},{\"@type\":\"ListItem\",\"position\":2,\"name\":\"Information De Boerkerij\"}]},{\"@type\":\"WebSite\",\"@id\":\"https:\/\/www.boerkerij.nl\/#website\",\"url\":\"https:\/\/www.boerkerij.nl\/\",\"name\":\"DeBoerkerij\",\"description\":\"Appartementen op Ameland\",\"potentialAction\":[{\"@type\":\"SearchAction\",\"target\":{\"@type\":\"EntryPoint\",\"urlTemplate\":\"https:\/\/www.boerkerij.nl\/?s={search_term_string}\"},\"query-input\":{\"@type\":\"PropertyValueSpecification\",\"valueRequired\":true,\"valueName\":\"search_term_string\"}}],\"inLanguage\":\"de-DE\"}]}<\/script>\n<!-- \/ Yoast SEO plugin. -->","yoast_head_json":{"title":"Die Boerkerij | Bauerhof-Appartementen auf Ameland","description":"Die Bauernhof-Appartementen von Familie de Boer liegen an der Ostseite des Dorfes Hollum, nur wenige Minuten vom Centrum entfernt. Die Entfernung zum Strand und Leuchtturm ist ca. 1,5 km. Eine gute Basis f\u00fcr Aktivit\u00e4ten in frischer Luft aller Art.","robots":{"index":"index","follow":"follow","max-snippet":"max-snippet:-1","max-image-preview":"max-image-preview:large","max-video-preview":"max-video-preview:-1"},"canonical":"https:\/\/www.boerkerij.nl\/de\/information-de-boerkerij\/","og_locale":"de_DE","og_type":"article","og_title":"De Boerkerij | Boerderij-appartementen | Charme logies op Ameland","og_description":"De boerderij-appartementen van familie De Boer zijn gelegen aan de rand van het centrum van het pittoreske dorpje Hollum en bevinden zich 1,5 km vanaf het strand en de vuurtoren van Ameland. Een ideale uitvalsbasis voor diverse buitenactiviteiten!","og_url":"https:\/\/www.boerkerij.nl\/de\/information-de-boerkerij\/","og_site_name":"DeBoerkerij","article_modified_time":"2017-03-03T13:31:13+00:00","og_image":[{"width":1000,"height":667,"url":"https:\/\/www.boerkerij.nl\/wp-content\/uploads\/2015\/12\/Vooraanzicht-huis-Boerkerij-Wijde-Blik-Hollum-Ameland.jpg","type":"image\/jpeg"}],"twitter_card":"summary_large_image","twitter_misc":{"Gesch\u00e4tzte Lesezeit":"3 minutes"},"schema":{"@context":"https:\/\/schema.org","@graph":[{"@type":"WebPage","@id":"https:\/\/www.boerkerij.nl\/de\/information-de-boerkerij\/","url":"https:\/\/www.boerkerij.nl\/de\/information-de-boerkerij\/","name":"Die Boerkerij | Bauerhof-Appartementen auf Ameland","isPartOf":{"@id":"https:\/\/www.boerkerij.nl\/#website"},"primaryImageOfPage":{"@id":"https:\/\/www.boerkerij.nl\/de\/information-de-boerkerij\/#primaryimage"},"image":{"@id":"https:\/\/www.boerkerij.nl\/de\/information-de-boerkerij\/#primaryimage"},"thumbnailUrl":"https:\/\/www.boerkerij.nl\/app\/uploads\/2015\/12\/Aanzicht-De-Boerkerij-over-De-Boerkerij-1.jpg","datePublished":"2015-12-08T14:41:20+00:00","dateModified":"2017-03-03T13:31:13+00:00","description":"Die Bauernhof-Appartementen von Familie de Boer liegen an der Ostseite des Dorfes Hollum, nur wenige Minuten vom Centrum entfernt. Die Entfernung zum Strand und Leuchtturm ist ca. 1,5 km. Eine gute Basis f\u00fcr Aktivit\u00e4ten in frischer Luft aller Art.","breadcrumb":{"@id":"https:\/\/www.boerkerij.nl\/de\/information-de-boerkerij\/#breadcrumb"},"inLanguage":"de-DE","potentialAction":[{"@type":"ReadAction","target":["https:\/\/www.boerkerij.nl\/de\/information-de-boerkerij\/"]}]},{"@type":"ImageObject","inLanguage":"de-DE","@id":"https:\/\/www.boerkerij.nl\/de\/information-de-boerkerij\/#primaryimage","url":"https:\/\/www.boerkerij.nl\/app\/uploads\/2015\/12\/Aanzicht-De-Boerkerij-over-De-Boerkerij-1.jpg","contentUrl":"https:\/\/www.boerkerij.nl\/app\/uploads\/2015\/12\/Aanzicht-De-Boerkerij-over-De-Boerkerij-1.jpg","width":1000,"height":546,"caption":"????????????????????????????????????"},{"@type":"BreadcrumbList","@id":"https:\/\/www.boerkerij.nl\/de\/information-de-boerkerij\/#breadcrumb","itemListElement":[{"@type":"ListItem","position":1,"name":"Home","item":"https:\/\/www.boerkerij.nl\/de\/"},{"@type":"ListItem","position":2,"name":"Information De Boerkerij"}]},{"@type":"WebSite","@id":"https:\/\/www.boerkerij.nl\/#website","url":"https:\/\/www.boerkerij.nl\/","name":"DeBoerkerij","description":"Appartementen op Ameland","potentialAction":[{"@type":"SearchAction","target":{"@type":"EntryPoint","urlTemplate":"https:\/\/www.boerkerij.nl\/?s={search_term_string}"},"query-input":{"@type":"PropertyValueSpecification","valueRequired":true,"valueName":"search_term_string"}}],"inLanguage":"de-DE"}]}},"_links":{"self":[{"href":"https:\/\/www.boerkerij.nl\/de\/wp-json\/wp\/v2\/pages\/337","targetHints":{"allow":["GET"]}}],"collection":[{"href":"https:\/\/www.boerkerij.nl\/de\/wp-json\/wp\/v2\/pages"}],"about":[{"href":"https:\/\/www.boerkerij.nl\/de\/wp-json\/wp\/v2\/types\/page"}],"author":[{"embeddable":true,"href":"https:\/\/www.boerkerij.nl\/de\/wp-json\/wp\/v2\/users\/5"}],"replies":[{"embeddable":true,"href":"https:\/\/www.boerkerij.nl\/de\/wp-json\/wp\/v2\/comments?post=337"}],"version-history":[{"count":30,"href":"https:\/\/www.boerkerij.nl\/de\/wp-json\/wp\/v2\/pages\/337\/revisions"}],"predecessor-version":[{"id":1527,"href":"https:\/\/www.boerkerij.nl\/de\/wp-json\/wp\/v2\/pages\/337\/revisions\/1527"}],"wp:featuredmedia":[{"embeddable":true,"href":"https:\/\/www.boerkerij.nl\/de\/wp-json\/wp\/v2\/media\/224"}],"wp:attachment":[{"href":"https:\/\/www.boerkerij.nl\/de\/wp-json\/wp\/v2\/media?parent=337"}],"curies":[{"name":"wp","href":"https:\/\/api.w.org\/{rel}","templated":true}]}}