{"id":1533,"date":"2015-12-10T13:48:45","date_gmt":"2015-12-10T12:48:45","guid":{"rendered":"https:\/\/www.boerkerij.nl\/prijzen-appartementen\/"},"modified":"2018-09-29T09:33:01","modified_gmt":"2018-09-29T08:33:01","slug":"preise-appartementen","status":"publish","type":"page","link":"https:\/\/www.boerkerij.nl\/de\/preise-appartementen\/","title":{"rendered":"Preise Appartementen"},"content":{"rendered":"<div class=\"table-responsive\">\n<table class=\"table table-striped table-prices\" cellspacing=\"0\" cellpadding=\"0\">\n<thead>\n<tr>\n<td colspan=\"6\"><strong>Speciale weekenden 2017<\/strong><\/td>\n<\/tr>\n<tr>\n<th class=\"column-period\"><\/th>\n<th class=\"column-period\"><strong>Data<\/strong><\/th>\n<th class=\"column-week-nr\"><strong>Noordmiede<\/strong><\/th>\n<th class=\"column-price\"><strong>Blieneweg I of\u00a0II<\/strong><\/th>\n<th class=\"column-price no-wrap\"><strong>Blieneweg III<\/strong><\/th>\n<th class=\"column-price no-wrap\"><strong>Wijde Blik<\/strong><\/th>\n<\/tr>\n<\/thead>\n<tbody>\n<tr>\n<td><span style=\"color: #008080;\"><strong>Paasweekend<\/strong>\u00a0<\/span><\/td>\n<td>14.04 &#8211; 18.04<\/td>\n<td style=\"text-align: center;\">\n<p style=\"text-align: left;\">\u20ac 395<\/p>\n<\/td>\n<td class=\"column-price\" style=\"text-align: left;\">\u20ac 250<\/td>\n<td class=\"column-price\" style=\"text-align: left;\">\u20ac 270<\/td>\n<td class=\"column-price\" style=\"text-align: left;\">\u20ac\u00a0290<\/td>\n<\/tr>\n<tr>\n<td><strong><span style=\"color: #008080;\">Hemelvaart<\/span><\/strong><\/td>\n<td>25.05 &#8211; 28.05<\/td>\n<td style=\"text-align: center;\">\n<p style=\"text-align: left;\">\u20ac 335<\/p>\n<\/td>\n<td class=\"column-price\" style=\"text-align: left;\">\u20ac 210<\/td>\n<td class=\"column-price\" style=\"text-align: left;\">\u20ac\u00a0230<\/td>\n<td class=\"column-price\" style=\"text-align: left;\">\u20ac 250<\/td>\n<\/tr>\n<tr>\n<td><\/td>\n<td>24.05 &#8211; 28.05<\/td>\n<td style=\"text-align: center;\">\n<p style=\"text-align: left;\">\u20ac 395<\/p>\n<\/td>\n<td class=\"column-price\" style=\"text-align: left;\">\u20ac 250<\/td>\n<td class=\"column-price\" style=\"text-align: left;\">\u20ac\u00a0270<\/td>\n<td class=\"column-price\" style=\"text-align: left;\">\u20ac 290<\/td>\n<\/tr>\n<tr>\n<td><span style=\"color: #008080;\"><strong>Pinksterweekend<\/strong><\/span><\/td>\n<td>02.06 &#8211; 06.06<\/td>\n<td style=\"text-align: left;\">\u20ac 395<\/td>\n<td class=\"column-price\" style=\"text-align: left;\">\u20ac 250<\/td>\n<td class=\"column-price\" style=\"text-align: left;\">\u20ac 270<\/td>\n<td class=\"column-price\" style=\"text-align: left;\">\u20ac\u00a0290<\/td>\n<\/tr>\n<tr>\n<td><strong><span style=\"color: #008080;\">Sacramentsdag<\/span><\/strong><span style=\"color: #008080;\"><br \/>\n(vrije dag Duitsland)<\/span><\/td>\n<td>15.06 &#8211; 18.06<\/td>\n<td style=\"text-align: left;\">\u20ac 335<\/td>\n<td class=\"column-price\" style=\"text-align: left;\">\u20ac 210<\/td>\n<td class=\"column-price\" style=\"text-align: left;\">\u20ac 230<\/td>\n<td class=\"column-price\" style=\"text-align: left;\">\u20ac\u00a0250<\/td>\n<\/tr>\n<tr>\n<td><\/td>\n<td><\/td>\n<td style=\"text-align: left;\"><\/td>\n<td class=\"column-price\" style=\"text-align: center;\"><\/td>\n<td class=\"column-price\" style=\"text-align: center;\"><\/td>\n<td class=\"column-price\" style=\"text-align: center;\"><\/td>\n<\/tr>\n<tr>\n<td><\/td>\n<td><\/td>\n<td style=\"text-align: left;\"><\/td>\n<td class=\"column-price\" style=\"text-align: center;\"><\/td>\n<td class=\"column-price\" style=\"text-align: center;\"><\/td>\n<td class=\"column-price\" style=\"text-align: center;\"><\/td>\n<\/tr>\n<tr>\n<td><\/td>\n<td><\/td>\n<td style=\"text-align: left;\"><\/td>\n<td class=\"column-price\" style=\"text-align: center;\"><\/td>\n<td class=\"column-price\" style=\"text-align: center;\"><\/td>\n<td class=\"column-price\" style=\"text-align: center;\"><\/td>\n<\/tr>\n<tr>\n<td colspan=\"6\"><\/td>\n<\/tr>\n<\/tbody>\n<tfoot>\n<tr>\n<td colspan=\"6\"><em>Wijzigingen voorbehouden<\/em><\/td>\n<\/tr>\n<\/tfoot>\n<tfoot>\n<tr>\n<td colspan=\"6\"><em>Week\u00a0=\u00a0vrijdag-vrijdag of maandag-maandag<\/em><\/td>\n<\/tr>\n<\/tfoot>\n<tfoot>\n<tr>\n<td colspan=\"6\"><em>Midweek = maandag 15.00 uur t\/m vrijdag\u00a010.00 uur<\/em><\/td>\n<\/tr>\n<\/tfoot>\n<tfoot>\n<tr>\n<td colspan=\"6\"><em>Weekend\u00a0= vrijdag 15.00 uur t\/m maandag 10.00 uur<\/em><\/td>\n<\/tr>\n<\/tfoot>\n<\/table>\n<\/div>\n<h3>Preise<\/h3>\n<ul>\n<li><strong>Preise<\/strong> sind incl. Gas, Wasser, Strom, Kurtaxe und Parkplatz<\/li>\n<li><strong>Kaution<\/strong>:<br \/>\nBlieneweg I, II, III en Wijde Blik: <span style=\"color: #333399;\"><strong>\u20ac 40.00<\/strong><\/span><br \/>\nNoord Miede: <span style=\"color: #333399;\"><strong>\u20ac 60.00<\/strong><\/span><\/li>\n<\/ul>\n<ul>\n<li><strong>Endreinigung<\/strong>\u00a0 (<strong>auf Anfrage<\/strong>):<br \/>\nBlieneweg \u00a0I, II, III en Wijde Blik\u00a0 <span style=\"color: #333399;\"><strong>\u20ac 40.00<\/strong><\/span><br \/>\nNoord Miede <span style=\"color: #333399;\"><strong>\u20ac 60.00<\/strong><\/span><\/li>\n<li><strong>Bettw\u00e4sche<\/strong>:<br \/>\nSie k\u00f6nnen Ihre eigene Bettw\u00e4sche mitbringen oder gegen Aufpreis von\u00a0 <span style=\"color: #333399;\"><strong>\u20ac 6.00<\/strong><\/span> pro<br \/>\nBett von uns mieten \u00a0(Gr\u00f6sse aller Betten: 90&#215;200 cm)<\/li>\n<li><strong>Kinderbett<\/strong> und <strong>Kinderstuhl<\/strong> auf Anfrage<\/li>\n<\/ul>\n<p>&nbsp;<\/p>\n<h3>Reservieren?<\/h3>\n<p>Sie k\u00f6nnen \u00fcber das online-Buchungsformular f\u00fcr das gew\u00fcnschte Appartement eine Reservierung unter Angabe des Buchungszeitraumes ausf\u00fcllen.<\/p>\n<p>Bei Erhalt Ihrer Reservierung best\u00e4tigen wir Ihnen diese und teilen Ihnen gleichzeitig unsere Zahlungsbedingungen mit. Eine Anzahlung von 50% muss innerhalb von 6 Tagen auf unserem Konto gebucht sein. Die restliche Mietsumme muss 2 Wochen vor Ankunft gezahlt werden. Bei evtl. Annulierung sehen wir uns gezwungen, die Anzahlung in Rechnung zu stellen.<\/p>\n<p>Bei Fragen nehmen Sie bitte Kontakt mit uns auf via\u00a0<a href=\"mailto:info@boerkerij.nl\"> info@boerkerij.nl<\/a> oder dem <a href=\"\/?page_id=352\" target=\"_blank\" rel=\"noopener\">Kontaktformular.<\/a><\/p>\n<h3 class=\"label_title\"><\/h3>\n<h3><\/h3>\n","protected":false},"excerpt":{"rendered":"<p>Speciale weekenden 2017 Data Noordmiede Blieneweg I of\u00a0II Blieneweg III Wijde Blik Paasweekend\u00a0 14.04 &#8211; 18.04 \u20ac 395 \u20ac 250 \u20ac 270 \u20ac\u00a0290 Hemelvaart 25.05 &#8211; 28.05 \u20ac 335 \u20ac 210 \u20ac\u00a0230 \u20ac 250 24.05 &#8211; 28.05 \u20ac 395 \u20ac<\/p>\n","protected":false},"author":5,"featured_media":0,"parent":0,"menu_order":0,"comment_status":"closed","ping_status":"closed","template":"template-prices.php","meta":{"_acf_changed":false,"footnotes":""},"class_list":["post-1533","page","type-page","status-publish","hentry"],"acf":[],"yoast_head":"<!-- This site is optimized with the Yoast SEO plugin v25.3.1 - https:\/\/yoast.com\/wordpress\/plugins\/seo\/ -->\n<title>Preise Appartementen - DeBoerkerij<\/title>\n<meta name=\"robots\" content=\"index, follow, max-snippet:-1, max-image-preview:large, max-video-preview:-1\" \/>\n<link rel=\"canonical\" href=\"https:\/\/www.boerkerij.nl\/de\/preise-appartementen\/\" \/>\n<meta property=\"og:locale\" content=\"de_DE\" \/>\n<meta property=\"og:type\" content=\"article\" \/>\n<meta property=\"og:title\" content=\"Preise Appartementen - DeBoerkerij\" \/>\n<meta property=\"og:description\" content=\"Speciale weekenden 2017 Data Noordmiede Blieneweg I of\u00a0II Blieneweg III Wijde Blik Paasweekend\u00a0 14.04 &#8211; 18.04 \u20ac 395 \u20ac 250 \u20ac 270 \u20ac\u00a0290 Hemelvaart 25.05 &#8211; 28.05 \u20ac 335 \u20ac 210 \u20ac\u00a0230 \u20ac 250 24.05 &#8211; 28.05 \u20ac 395 \u20ac\" \/>\n<meta property=\"og:url\" content=\"https:\/\/www.boerkerij.nl\/de\/preise-appartementen\/\" \/>\n<meta property=\"og:site_name\" content=\"DeBoerkerij\" \/>\n<meta property=\"article:modified_time\" content=\"2018-09-29T08:33:01+00:00\" \/>\n<meta name=\"twitter:card\" content=\"summary_large_image\" \/>\n<meta name=\"twitter:label1\" content=\"Gesch\u00e4tzte Lesezeit\" \/>\n\t<meta name=\"twitter:data1\" content=\"1 minute\" \/>\n<script type=\"application\/ld+json\" class=\"yoast-schema-graph\">{\"@context\":\"https:\/\/schema.org\",\"@graph\":[{\"@type\":\"WebPage\",\"@id\":\"https:\/\/www.boerkerij.nl\/de\/preise-appartementen\/\",\"url\":\"https:\/\/www.boerkerij.nl\/de\/preise-appartementen\/\",\"name\":\"Preise Appartementen - DeBoerkerij\",\"isPartOf\":{\"@id\":\"https:\/\/www.boerkerij.nl\/#website\"},\"datePublished\":\"2015-12-10T12:48:45+00:00\",\"dateModified\":\"2018-09-29T08:33:01+00:00\",\"breadcrumb\":{\"@id\":\"https:\/\/www.boerkerij.nl\/de\/preise-appartementen\/#breadcrumb\"},\"inLanguage\":\"de-DE\",\"potentialAction\":[{\"@type\":\"ReadAction\",\"target\":[\"https:\/\/www.boerkerij.nl\/de\/preise-appartementen\/\"]}]},{\"@type\":\"BreadcrumbList\",\"@id\":\"https:\/\/www.boerkerij.nl\/de\/preise-appartementen\/#breadcrumb\",\"itemListElement\":[{\"@type\":\"ListItem\",\"position\":1,\"name\":\"Home\",\"item\":\"https:\/\/www.boerkerij.nl\/de\/\"},{\"@type\":\"ListItem\",\"position\":2,\"name\":\"Preise Appartementen\"}]},{\"@type\":\"WebSite\",\"@id\":\"https:\/\/www.boerkerij.nl\/#website\",\"url\":\"https:\/\/www.boerkerij.nl\/\",\"name\":\"DeBoerkerij\",\"description\":\"Appartementen op Ameland\",\"potentialAction\":[{\"@type\":\"SearchAction\",\"target\":{\"@type\":\"EntryPoint\",\"urlTemplate\":\"https:\/\/www.boerkerij.nl\/?s={search_term_string}\"},\"query-input\":{\"@type\":\"PropertyValueSpecification\",\"valueRequired\":true,\"valueName\":\"search_term_string\"}}],\"inLanguage\":\"de-DE\"}]}<\/script>\n<!-- \/ Yoast SEO plugin. -->","yoast_head_json":{"title":"Preise Appartementen - DeBoerkerij","robots":{"index":"index","follow":"follow","max-snippet":"max-snippet:-1","max-image-preview":"max-image-preview:large","max-video-preview":"max-video-preview:-1"},"canonical":"https:\/\/www.boerkerij.nl\/de\/preise-appartementen\/","og_locale":"de_DE","og_type":"article","og_title":"Preise Appartementen - DeBoerkerij","og_description":"Speciale weekenden 2017 Data Noordmiede Blieneweg I of\u00a0II Blieneweg III Wijde Blik Paasweekend\u00a0 14.04 &#8211; 18.04 \u20ac 395 \u20ac 250 \u20ac 270 \u20ac\u00a0290 Hemelvaart 25.05 &#8211; 28.05 \u20ac 335 \u20ac 210 \u20ac\u00a0230 \u20ac 250 24.05 &#8211; 28.05 \u20ac 395 \u20ac","og_url":"https:\/\/www.boerkerij.nl\/de\/preise-appartementen\/","og_site_name":"DeBoerkerij","article_modified_time":"2018-09-29T08:33:01+00:00","twitter_card":"summary_large_image","twitter_misc":{"Gesch\u00e4tzte Lesezeit":"1 minute"},"schema":{"@context":"https:\/\/schema.org","@graph":[{"@type":"WebPage","@id":"https:\/\/www.boerkerij.nl\/de\/preise-appartementen\/","url":"https:\/\/www.boerkerij.nl\/de\/preise-appartementen\/","name":"Preise Appartementen - DeBoerkerij","isPartOf":{"@id":"https:\/\/www.boerkerij.nl\/#website"},"datePublished":"2015-12-10T12:48:45+00:00","dateModified":"2018-09-29T08:33:01+00:00","breadcrumb":{"@id":"https:\/\/www.boerkerij.nl\/de\/preise-appartementen\/#breadcrumb"},"inLanguage":"de-DE","potentialAction":[{"@type":"ReadAction","target":["https:\/\/www.boerkerij.nl\/de\/preise-appartementen\/"]}]},{"@type":"BreadcrumbList","@id":"https:\/\/www.boerkerij.nl\/de\/preise-appartementen\/#breadcrumb","itemListElement":[{"@type":"ListItem","position":1,"name":"Home","item":"https:\/\/www.boerkerij.nl\/de\/"},{"@type":"ListItem","position":2,"name":"Preise Appartementen"}]},{"@type":"WebSite","@id":"https:\/\/www.boerkerij.nl\/#website","url":"https:\/\/www.boerkerij.nl\/","name":"DeBoerkerij","description":"Appartementen op Ameland","potentialAction":[{"@type":"SearchAction","target":{"@type":"EntryPoint","urlTemplate":"https:\/\/www.boerkerij.nl\/?s={search_term_string}"},"query-input":{"@type":"PropertyValueSpecification","valueRequired":true,"valueName":"search_term_string"}}],"inLanguage":"de-DE"}]}},"_links":{"self":[{"href":"https:\/\/www.boerkerij.nl\/de\/wp-json\/wp\/v2\/pages\/1533","targetHints":{"allow":["GET"]}}],"collection":[{"href":"https:\/\/www.boerkerij.nl\/de\/wp-json\/wp\/v2\/pages"}],"about":[{"href":"https:\/\/www.boerkerij.nl\/de\/wp-json\/wp\/v2\/types\/page"}],"author":[{"embeddable":true,"href":"https:\/\/www.boerkerij.nl\/de\/wp-json\/wp\/v2\/users\/5"}],"replies":[{"embeddable":true,"href":"https:\/\/www.boerkerij.nl\/de\/wp-json\/wp\/v2\/comments?post=1533"}],"version-history":[{"count":5,"href":"https:\/\/www.boerkerij.nl\/de\/wp-json\/wp\/v2\/pages\/1533\/revisions"}],"predecessor-version":[{"id":2754,"href":"https:\/\/www.boerkerij.nl\/de\/wp-json\/wp\/v2\/pages\/1533\/revisions\/2754"}],"wp:attachment":[{"href":"https:\/\/www.boerkerij.nl\/de\/wp-json\/wp\/v2\/media?parent=1533"}],"curies":[{"name":"wp","href":"https:\/\/api.w.org\/{rel}","templated":true}]}}